{"id":4080,"date":"2023-10-18T13:58:13","date_gmt":"2023-10-18T17:58:13","guid":{"rendered":"https:\/\/dontquitquitting.ca\/tools-and-supports\/"},"modified":"2025-07-30T16:14:39","modified_gmt":"2025-07-30T20:14:39","slug":"outils-et-soutien","status":"publish","type":"page","link":"https:\/\/dontquitquitting.ca\/fr\/outils-et-soutien\/","title":{"rendered":"Outils et soutien"},"content":{"rendered":"\t\t<div data-elementor-type=\"wp-page\" data-elementor-id=\"4080\" class=\"elementor elementor-4080\" data-elementor-post-type=\"page\">\n\t\t\t\t\t\t<section class=\"elementor-section elementor-top-section elementor-element elementor-element-2fe14ee9 elementor-section-height-min-height elementor-section-content-top elementor-section-stretched elementor-section-boxed elementor-section-height-default elementor-section-items-middle\" data-id=\"2fe14ee9\" data-element_type=\"section\" data-settings=\"{&quot;background_background&quot;:&quot;classic&quot;,&quot;stretch_section&quot;:&quot;section-stretched&quot;,&quot;shape_divider_bottom&quot;:&quot;mountains&quot;}\">\n\t\t\t\t\t\t\t<div class=\"elementor-background-overlay\"><\/div>\n\t\t\t\t\t\t<div class=\"elementor-shape elementor-shape-bottom\" aria-hidden=\"true\" data-negative=\"false\">\n\t\t\t<svg xmlns=\"http:\/\/www.w3.org\/2000\/svg\" viewBox=\"0 0 1000 100\" preserveAspectRatio=\"none\">\n\t<path class=\"elementor-shape-fill\" opacity=\"0.33\" d=\"M473,67.3c-203.9,88.3-263.1-34-320.3,0C66,119.1,0,59.7,0,59.7V0h1000v59.7 c0,0-62.1,26.1-94.9,29.3c-32.8,3.3-62.8-12.3-75.8-22.1C806,49.6,745.3,8.7,694.9,4.7S492.4,59,473,67.3z\"\/>\n\t<path class=\"elementor-shape-fill\" opacity=\"0.66\" d=\"M734,67.3c-45.5,0-77.2-23.2-129.1-39.1c-28.6-8.7-150.3-10.1-254,39.1 s-91.7-34.4-149.2,0C115.7,118.3,0,39.8,0,39.8V0h1000v36.5c0,0-28.2-18.5-92.1-18.5C810.2,18.1,775.7,67.3,734,67.3z\"\/>\n\t<path class=\"elementor-shape-fill\" d=\"M766.1,28.9c-200-57.5-266,65.5-395.1,19.5C242,1.8,242,5.4,184.8,20.6C128,35.8,132.3,44.9,89.9,52.5C28.6,63.7,0,0,0,0 h1000c0,0-9.9,40.9-83.6,48.1S829.6,47,766.1,28.9z\"\/>\n<\/svg>\t\t<\/div>\n\t\t\t\t\t<div class=\"elementor-container elementor-column-gap-no\">\n\t\t\t\t\t<div class=\"elementor-column elementor-col-50 elementor-top-column elementor-element elementor-element-6ba0a78a\" data-id=\"6ba0a78a\" data-element_type=\"column\">\n\t\t\t<div class=\"elementor-widget-wrap elementor-element-populated\">\n\t\t\t\t\t\t<div class=\"elementor-element elementor-element-83ac50c elementor-headline--style-highlight elementor-widget elementor-widget-animated-headline\" data-id=\"83ac50c\" data-element_type=\"widget\" data-settings=\"{&quot;marker&quot;:&quot;underline&quot;,&quot;highlighted_text&quot;:&quot;Outils &quot;,&quot;highlight_animation_duration&quot;:1100,&quot;headline_style&quot;:&quot;highlight&quot;}\" data-widget_type=\"animated-headline.default\">\n\t\t\t\t<div class=\"elementor-widget-container\">\n\t\t\t\t\t\t\t<h1 class=\"elementor-headline\">\n\t\t\t\t<span class=\"elementor-headline-dynamic-wrapper elementor-headline-text-wrapper\">\n\t\t\t\t\t<span class=\"elementor-headline-dynamic-text elementor-headline-text-active\">Outils <\/span>\n\t\t\t\t<\/span>\n\t\t\t\t\t<span class=\"elementor-headline-plain-text elementor-headline-text-wrapper\">et soutien<\/span>\n\t\t\t\t\t<\/h1>\n\t\t\t\t\t\t<\/div>\n\t\t\t\t<\/div>\n\t\t\t\t\t<\/div>\n\t\t<\/div>\n\t\t\t\t<div class=\"elementor-column elementor-col-50 elementor-top-column elementor-element elementor-element-3512daa\" data-id=\"3512daa\" data-element_type=\"column\">\n\t\t\t<div class=\"elementor-widget-wrap\">\n\t\t\t\t\t\t\t<\/div>\n\t\t<\/div>\n\t\t\t\t\t<\/div>\n\t\t<\/section>\n\t\t\t\t<section class=\"elementor-section elementor-top-section elementor-element elementor-element-386004e elementor-section-boxed elementor-section-height-default elementor-section-height-default\" data-id=\"386004e\" data-element_type=\"section\" data-settings=\"{&quot;background_background&quot;:&quot;classic&quot;}\">\n\t\t\t\t\t\t<div class=\"elementor-container elementor-column-gap-default\">\n\t\t\t\t\t<div class=\"elementor-column elementor-col-100 elementor-top-column elementor-element elementor-element-bb1631e\" data-id=\"bb1631e\" data-element_type=\"column\" data-settings=\"{&quot;background_background&quot;:&quot;classic&quot;}\">\n\t\t\t<div class=\"elementor-widget-wrap\">\n\t\t\t\t\t\t\t<\/div>\n\t\t<\/div>\n\t\t\t\t\t<\/div>\n\t\t<\/section>\n\t\t\t\t<section class=\"elementor-section elementor-top-section elementor-element elementor-element-77f1d3e elementor-section-content-middle elementor-section-boxed elementor-section-height-default elementor-section-height-default\" data-id=\"77f1d3e\" data-element_type=\"section\" data-settings=\"{&quot;background_background&quot;:&quot;classic&quot;}\">\n\t\t\t\t\t\t<div class=\"elementor-container elementor-column-gap-default\">\n\t\t\t\t\t<div class=\"elementor-column elementor-col-50 elementor-top-column elementor-element elementor-element-5dfdc15\" data-id=\"5dfdc15\" data-element_type=\"column\" data-settings=\"{&quot;background_background&quot;:&quot;classic&quot;}\">\n\t\t\t<div class=\"elementor-widget-wrap elementor-element-populated\">\n\t\t\t\t\t\t<div class=\"elementor-element elementor-element-20b4271 elementor-widget elementor-widget-text-editor\" data-id=\"20b4271\" data-element_type=\"widget\" data-widget_type=\"text-editor.default\">\n\t\t\t\t<div class=\"elementor-widget-container\">\n\t\t\t\t\t\t\t\t\t<h2>CAMH \u2013 Clinique de la d\u00e9pendance \u00e0 la nicotine<\/h2><p>Le Centre de toxicomanie et de sant\u00e9 mentale (CAMH) offre une plate-forme aux prestataires de soins de sant\u00e9 qui souhaitent obtenir davantage d&rsquo;information et d&rsquo;outils pour soutenir les patients qui souhaitent arr\u00eater de fumer ou de vapoter.<\/p>\t\t\t\t\t\t\t\t<\/div>\n\t\t\t\t<\/div>\n\t\t\t\t<div class=\"elementor-element elementor-element-f4b65d6 elementor-align-left elementor-widget elementor-widget-button\" data-id=\"f4b65d6\" data-element_type=\"widget\" data-widget_type=\"button.default\">\n\t\t\t\t<div class=\"elementor-widget-container\">\n\t\t\t\t\t\t\t\t\t<div class=\"elementor-button-wrapper\">\n\t\t\t\t\t<a class=\"elementor-button elementor-button-link elementor-size-sm\" href=\"https:\/\/www.nicotinedependenceclinic.com\/en\/resources-for-providers\" target=\"_blank\">\n\t\t\t\t\t\t<span class=\"elementor-button-content-wrapper\">\n\t\t\t\t\t\t\t\t\t<span class=\"elementor-button-text\">En savoir plus<\/span>\n\t\t\t\t\t<\/span>\n\t\t\t\t\t<\/a>\n\t\t\t\t<\/div>\n\t\t\t\t\t\t\t\t<\/div>\n\t\t\t\t<\/div>\n\t\t\t\t\t<\/div>\n\t\t<\/div>\n\t\t\t\t<div class=\"elementor-column elementor-col-50 elementor-top-column elementor-element elementor-element-01a4391\" data-id=\"01a4391\" data-element_type=\"column\" data-settings=\"{&quot;background_background&quot;:&quot;classic&quot;}\">\n\t\t\t<div class=\"elementor-widget-wrap elementor-element-populated\">\n\t\t\t\t\t\t<div class=\"elementor-element elementor-element-dd111b0 elementor-widget elementor-widget-text-editor\" data-id=\"dd111b0\" data-element_type=\"widget\" data-widget_type=\"text-editor.default\">\n\t\t\t\t<div class=\"elementor-widget-container\">\n\t\t\t\t\t\t\t\t\t<h2>Mod\u00e8le d\u2019Ottawa pour l\u2019abandon du tabac<\/h2><p>Lignes directrices pour la pratique clinique \u00e0 l&rsquo;intention des prestataires de soins de sant\u00e9 afin de rep\u00e9rer syst\u00e9matiquement toutes les personnes qui font usage du tabac et de les traiter au moyen des m\u00e9dicaments et de l&rsquo;aide disponibles.<\/p>\t\t\t\t\t\t\t\t<\/div>\n\t\t\t\t<\/div>\n\t\t\t\t<div class=\"elementor-element elementor-element-8e04fd2 elementor-align-left elementor-widget elementor-widget-button\" data-id=\"8e04fd2\" data-element_type=\"widget\" data-widget_type=\"button.default\">\n\t\t\t\t<div class=\"elementor-widget-container\">\n\t\t\t\t\t\t\t\t\t<div class=\"elementor-button-wrapper\">\n\t\t\t\t\t<a class=\"elementor-button elementor-button-link elementor-size-sm\" href=\"https:\/\/ottawamodel.ottawaheart.ca\/about-omsc\" target=\"_blank\">\n\t\t\t\t\t\t<span class=\"elementor-button-content-wrapper\">\n\t\t\t\t\t\t\t\t\t<span class=\"elementor-button-text\">En savoir plus<\/span>\n\t\t\t\t\t<\/span>\n\t\t\t\t\t<\/a>\n\t\t\t\t<\/div>\n\t\t\t\t\t\t\t\t<\/div>\n\t\t\t\t<\/div>\n\t\t\t\t\t<\/div>\n\t\t<\/div>\n\t\t\t\t\t<\/div>\n\t\t<\/section>\n\t\t\t\t<section class=\"elementor-section elementor-top-section elementor-element elementor-element-303162a elementor-section-content-middle elementor-section-boxed elementor-section-height-default elementor-section-height-default\" data-id=\"303162a\" data-element_type=\"section\" data-settings=\"{&quot;background_background&quot;:&quot;classic&quot;}\">\n\t\t\t\t\t\t<div class=\"elementor-container elementor-column-gap-default\">\n\t\t\t\t\t<div class=\"elementor-column elementor-col-50 elementor-top-column elementor-element elementor-element-3676a40\" data-id=\"3676a40\" data-element_type=\"column\" data-settings=\"{&quot;background_background&quot;:&quot;classic&quot;}\">\n\t\t\t<div class=\"elementor-widget-wrap elementor-element-populated\">\n\t\t\t\t\t\t<div class=\"elementor-element elementor-element-5d3e54f elementor-widget elementor-widget-text-editor\" data-id=\"5d3e54f\" data-element_type=\"widget\" data-widget_type=\"text-editor.default\">\n\t\t\t\t<div class=\"elementor-widget-container\">\n\t\t\t\t\t\t\t\t\t<h2>CAMH \u2013 Ressources pour l\u2019abandon du tabac<\/h2><p>Information pratique sur le d\u00e9pistage, l&rsquo;\u00e9valuation et la prise en charge des patients qui essaient d&rsquo;arr\u00eater de fumer. On y trouve des liens vers d&rsquo;autres ressources professionnelles, notamment des guides de pratiques exemplaires et des documents d&rsquo;information pour les patients, comme des ressources d&rsquo;autoassistance.<\/p>\t\t\t\t\t\t\t\t<\/div>\n\t\t\t\t<\/div>\n\t\t\t\t<div class=\"elementor-element elementor-element-a06de3a elementor-align-left elementor-widget elementor-widget-button\" data-id=\"a06de3a\" data-element_type=\"widget\" data-widget_type=\"button.default\">\n\t\t\t\t<div class=\"elementor-widget-container\">\n\t\t\t\t\t\t\t\t\t<div class=\"elementor-button-wrapper\">\n\t\t\t\t\t<a class=\"elementor-button elementor-button-link elementor-size-sm\" href=\"https:\/\/www.porticonetwork.ca\/web\/smoking-toolkit\" target=\"_blank\">\n\t\t\t\t\t\t<span class=\"elementor-button-content-wrapper\">\n\t\t\t\t\t\t\t\t\t<span class=\"elementor-button-text\">En savoir plus<\/span>\n\t\t\t\t\t<\/span>\n\t\t\t\t\t<\/a>\n\t\t\t\t<\/div>\n\t\t\t\t\t\t\t\t<\/div>\n\t\t\t\t<\/div>\n\t\t\t\t\t<\/div>\n\t\t<\/div>\n\t\t\t\t<div class=\"elementor-column elementor-col-50 elementor-top-column elementor-element elementor-element-e04f3f6\" data-id=\"e04f3f6\" data-element_type=\"column\" data-settings=\"{&quot;background_background&quot;:&quot;classic&quot;}\">\n\t\t\t<div class=\"elementor-widget-wrap elementor-element-populated\">\n\t\t\t\t\t\t<div class=\"elementor-element elementor-element-270e266 elementor-widget elementor-widget-text-editor\" data-id=\"270e266\" data-element_type=\"widget\" data-widget_type=\"text-editor.default\">\n\t\t\t\t<div class=\"elementor-widget-container\">\n\t\t\t\t\t\t\t\t\t<h2>T\u00e9l\u00e9assistance pour fumeurs pour les professionnels de la sant\u00e9 et autres partenaires<\/h2><ul><li><strong>Soutien continu, fond\u00e9 sur des donn\u00e9es probantes,<\/strong> pour votre client\u00e8le \u00e0 des moments cl\u00e9s du processus d&rsquo;arr\u00eat tabagique.<\/li><li><strong>Formation et ressources sur mesure<\/strong> propos\u00e9es par des experts en sevrage tabagique.<\/li><li><strong>Acc\u00e8s<\/strong> aux programmes d&rsquo;abandon du tabagisme les plus r\u00e9cents et les plus novateurs.<\/li><li><strong>Information<\/strong> sur les autres ressources disponibles dans la communaut\u00e9 de votre client\u00e8le.<\/li><\/ul>\t\t\t\t\t\t\t\t<\/div>\n\t\t\t\t<\/div>\n\t\t\t\t<div class=\"elementor-element elementor-element-0be7e1d elementor-align-left elementor-widget elementor-widget-button\" data-id=\"0be7e1d\" data-element_type=\"widget\" data-widget_type=\"button.default\">\n\t\t\t\t<div class=\"elementor-widget-container\">\n\t\t\t\t\t\t\t\t\t<div class=\"elementor-button-wrapper\">\n\t\t\t\t\t<a class=\"elementor-button elementor-button-link elementor-size-sm\" href=\"https:\/\/smokershelpline.ca\/healthcare\/our-services\" target=\"_blank\">\n\t\t\t\t\t\t<span class=\"elementor-button-content-wrapper\">\n\t\t\t\t\t\t\t\t\t<span class=\"elementor-button-text\">En savoir plus<\/span>\n\t\t\t\t\t<\/span>\n\t\t\t\t\t<\/a>\n\t\t\t\t<\/div>\n\t\t\t\t\t\t\t\t<\/div>\n\t\t\t\t<\/div>\n\t\t\t\t\t<\/div>\n\t\t<\/div>\n\t\t\t\t\t<\/div>\n\t\t<\/section>\n\t\t\t\t<section class=\"elementor-section elementor-top-section elementor-element elementor-element-38a7031 elementor-section-content-middle elementor-section-boxed elementor-section-height-default elementor-section-height-default\" data-id=\"38a7031\" data-element_type=\"section\" data-settings=\"{&quot;background_background&quot;:&quot;classic&quot;}\">\n\t\t\t\t\t\t<div class=\"elementor-container elementor-column-gap-default\">\n\t\t\t\t\t<div class=\"elementor-column elementor-col-50 elementor-top-column elementor-element elementor-element-57d80e0\" data-id=\"57d80e0\" data-element_type=\"column\" data-settings=\"{&quot;background_background&quot;:&quot;classic&quot;}\">\n\t\t\t<div class=\"elementor-widget-wrap elementor-element-populated\">\n\t\t\t\t\t\t<div class=\"elementor-element elementor-element-4b8ef2c elementor-widget elementor-widget-text-editor\" data-id=\"4b8ef2c\" data-element_type=\"widget\" data-widget_type=\"text-editor.default\">\n\t\t\t\t<div class=\"elementor-widget-container\">\n\t\t\t\t\t\t\t\t\t<h2>CAMH \u2013\u00a0Lignes directrices sur l&rsquo;usage de nicotine \u00e0 moindre risque (2025)<\/h2><p>Une ressource pour guider la\u00a0prise de d\u00e9cision des\u00a0personnes vivant au Canada et\u00a0consommant de la nicotine.<\/p>\t\t\t\t\t\t\t\t<\/div>\n\t\t\t\t<\/div>\n\t\t\t\t<div class=\"elementor-element elementor-element-c4fe1b1 elementor-align-left elementor-widget elementor-widget-button\" data-id=\"c4fe1b1\" data-element_type=\"widget\" data-widget_type=\"button.default\">\n\t\t\t\t<div class=\"elementor-widget-container\">\n\t\t\t\t\t\t\t\t\t<div class=\"elementor-button-wrapper\">\n\t\t\t\t\t<a class=\"elementor-button elementor-button-link elementor-size-sm\" href=\"https:\/\/intrepidlab.ca\/en\/lower-risk-nicotine-user-guidelin-es#:~:text=The%20Lower-Risk%20Nicotine%20Use%20Guidelines%20provide%20the%20latest,tips%20to%20better%20support%20your%20clients%E2%80%99%20unique%20needs\" target=\"_blank\">\n\t\t\t\t\t\t<span class=\"elementor-button-content-wrapper\">\n\t\t\t\t\t\t\t\t\t<span class=\"elementor-button-text\">En savoir plus<\/span>\n\t\t\t\t\t<\/span>\n\t\t\t\t\t<\/a>\n\t\t\t\t<\/div>\n\t\t\t\t\t\t\t\t<\/div>\n\t\t\t\t<\/div>\n\t\t\t\t\t<\/div>\n\t\t<\/div>\n\t\t\t\t<div class=\"elementor-column elementor-col-50 elementor-top-column elementor-element elementor-element-fded4bb\" data-id=\"fded4bb\" data-element_type=\"column\" data-settings=\"{&quot;background_background&quot;:&quot;classic&quot;}\">\n\t\t\t<div class=\"elementor-widget-wrap elementor-element-populated\">\n\t\t\t\t\t\t<div class=\"elementor-element elementor-element-8f93ed7 elementor-widget elementor-widget-text-editor\" data-id=\"8f93ed7\" data-element_type=\"widget\" data-widget_type=\"text-editor.default\">\n\t\t\t\t<div class=\"elementor-widget-container\">\n\t\t\t\t\t\t\t\t\t<h2>Sachets de nicotine :&nbsp; Guide \u00e0 &nbsp;l\u2019intention des pharmacien(ne)s<\/h2>\n<p><span data-teams=\"true\">De l\u2019Association des pharmaciens du Canada, un guide pour informer les patients sur l\u2019utilisation et les risques des sachets de nicotine, ainsi que sur leur r\u00f4le potentiel dans les strat\u00e9gies de r\u00e9duction des m\u00e9faits.<\/span><\/p>\t\t\t\t\t\t\t\t<\/div>\n\t\t\t\t<\/div>\n\t\t\t\t<div class=\"elementor-element elementor-element-761caa0 elementor-align-left elementor-widget elementor-widget-button\" data-id=\"761caa0\" data-element_type=\"widget\" data-widget_type=\"button.default\">\n\t\t\t\t<div class=\"elementor-widget-container\">\n\t\t\t\t\t\t\t\t\t<div class=\"elementor-button-wrapper\">\n\t\t\t\t\t<a class=\"elementor-button elementor-button-link elementor-size-sm\" href=\"https:\/\/www.pharmacists.ca\/cpha-ca\/assets\/File\/smoking-cessation\/Nicotine-Pouches-A-Guide-for-Pharmacists_FR.pdf\" target=\"_blank\">\n\t\t\t\t\t\t<span class=\"elementor-button-content-wrapper\">\n\t\t\t\t\t\t\t\t\t<span class=\"elementor-button-text\">En savoir plus<\/span>\n\t\t\t\t\t<\/span>\n\t\t\t\t\t<\/a>\n\t\t\t\t<\/div>\n\t\t\t\t\t\t\t\t<\/div>\n\t\t\t\t<\/div>\n\t\t\t\t\t<\/div>\n\t\t<\/div>\n\t\t\t\t\t<\/div>\n\t\t<\/section>\n\t\t\t\t<\/div>\n\t\t","protected":false},"excerpt":{"rendered":"<p>Outils et soutien CAMH \u2013 Clinique de la d\u00e9pendance \u00e0 la nicotine Le Centre de toxicomanie et de sant\u00e9 mentale (CAMH) offre une plate-forme aux prestataires de soins de sant\u00e9 qui souhaitent obtenir davantage d&rsquo;information et d&rsquo;outils pour soutenir les patients qui souhaitent arr\u00eater de fumer ou de vapoter. En savoir plus Mod\u00e8le d\u2019Ottawa pour [&hellip;]<\/p>\n","protected":false},"author":1,"featured_media":0,"parent":0,"menu_order":0,"comment_status":"closed","ping_status":"closed","template":"","meta":{"footnotes":""},"class_list":["post-4080","page","type-page","status-publish","hentry"],"yoast_head":"<!-- This site is optimized with the Yoast SEO plugin v26.0 - https:\/\/yoast.com\/wordpress\/plugins\/seo\/ -->\n<title>Outils et soutien | Don&#039;t Quit Quitting<\/title>\n<meta name=\"robots\" content=\"index, follow, max-snippet:-1, max-image-preview:large, max-video-preview:-1\" \/>\n<link rel=\"canonical\" href=\"https:\/\/dontquitquitting.ca\/tools-and-supports\/\" \/>\n<meta property=\"og:locale\" content=\"fr_FR\" \/>\n<meta property=\"og:type\" content=\"article\" \/>\n<meta property=\"og:title\" content=\"Outils et soutien | Don&#039;t Quit Quitting\" \/>\n<meta property=\"og:description\" content=\"Outils et soutien CAMH \u2013 Clinique de la d\u00e9pendance \u00e0 la nicotine Le Centre de toxicomanie et de sant\u00e9 mentale (CAMH) offre une plate-forme aux prestataires de soins de sant\u00e9 qui souhaitent obtenir davantage d&rsquo;information et d&rsquo;outils pour soutenir les patients qui souhaitent arr\u00eater de fumer ou de vapoter. En savoir plus Mod\u00e8le d\u2019Ottawa pour [&hellip;]\" \/>\n<meta property=\"og:url\" content=\"https:\/\/dontquitquitting.ca\/tools-and-supports\/\" \/>\n<meta property=\"og:site_name\" content=\"Don&#039;t Quit Quitting\" \/>\n<meta property=\"article:modified_time\" content=\"2025-07-30T20:14:39+00:00\" \/>\n<meta name=\"twitter:card\" content=\"summary_large_image\" \/>\n<meta name=\"twitter:label1\" content=\"Dur\u00e9e de lecture estim\u00e9e\" \/>\n\t<meta name=\"twitter:data1\" content=\"2 minutes\" \/>\n<script type=\"application\/ld+json\" class=\"yoast-schema-graph\">{\"@context\":\"https:\/\/schema.org\",\"@graph\":[{\"@type\":\"WebPage\",\"@id\":\"https:\/\/dontquitquitting.ca\/tools-and-supports\/\",\"url\":\"https:\/\/dontquitquitting.ca\/tools-and-supports\/\",\"name\":\"Outils et soutien | Don&#039;t Quit Quitting\",\"isPartOf\":{\"@id\":\"https:\/\/dontquitquitting.ca\/#website\"},\"datePublished\":\"2023-10-18T17:58:13+00:00\",\"dateModified\":\"2025-07-30T20:14:39+00:00\",\"breadcrumb\":{\"@id\":\"https:\/\/dontquitquitting.ca\/tools-and-supports\/#breadcrumb\"},\"inLanguage\":\"fr-FR\",\"potentialAction\":[{\"@type\":\"ReadAction\",\"target\":[\"https:\/\/dontquitquitting.ca\/tools-and-supports\/\"]}]},{\"@type\":\"BreadcrumbList\",\"@id\":\"https:\/\/dontquitquitting.ca\/tools-and-supports\/#breadcrumb\",\"itemListElement\":[{\"@type\":\"ListItem\",\"position\":1,\"name\":\"Home\",\"item\":\"https:\/\/dontquitquitting.ca\/\"},{\"@type\":\"ListItem\",\"position\":2,\"name\":\"Outils et soutien\"}]},{\"@type\":\"WebSite\",\"@id\":\"https:\/\/dontquitquitting.ca\/#website\",\"url\":\"https:\/\/dontquitquitting.ca\/\",\"name\":\"Don't Quit Quitting\",\"description\":\"\",\"potentialAction\":[{\"@type\":\"SearchAction\",\"target\":{\"@type\":\"EntryPoint\",\"urlTemplate\":\"https:\/\/dontquitquitting.ca\/?s={search_term_string}\"},\"query-input\":{\"@type\":\"PropertyValueSpecification\",\"valueRequired\":true,\"valueName\":\"search_term_string\"}}],\"inLanguage\":\"fr-FR\"}]}<\/script>\n<!-- \/ Yoast SEO plugin. -->","yoast_head_json":{"title":"Outils et soutien | Don&#039;t Quit Quitting","robots":{"index":"index","follow":"follow","max-snippet":"max-snippet:-1","max-image-preview":"max-image-preview:large","max-video-preview":"max-video-preview:-1"},"canonical":"https:\/\/dontquitquitting.ca\/tools-and-supports\/","og_locale":"fr_FR","og_type":"article","og_title":"Outils et soutien | Don&#039;t Quit Quitting","og_description":"Outils et soutien CAMH \u2013 Clinique de la d\u00e9pendance \u00e0 la nicotine Le Centre de toxicomanie et de sant\u00e9 mentale (CAMH) offre une plate-forme aux prestataires de soins de sant\u00e9 qui souhaitent obtenir davantage d&rsquo;information et d&rsquo;outils pour soutenir les patients qui souhaitent arr\u00eater de fumer ou de vapoter. En savoir plus Mod\u00e8le d\u2019Ottawa pour [&hellip;]","og_url":"https:\/\/dontquitquitting.ca\/tools-and-supports\/","og_site_name":"Don&#039;t Quit Quitting","article_modified_time":"2025-07-30T20:14:39+00:00","twitter_card":"summary_large_image","twitter_misc":{"Dur\u00e9e de lecture estim\u00e9e":"2 minutes"},"schema":{"@context":"https:\/\/schema.org","@graph":[{"@type":"WebPage","@id":"https:\/\/dontquitquitting.ca\/tools-and-supports\/","url":"https:\/\/dontquitquitting.ca\/tools-and-supports\/","name":"Outils et soutien | Don&#039;t Quit Quitting","isPartOf":{"@id":"https:\/\/dontquitquitting.ca\/#website"},"datePublished":"2023-10-18T17:58:13+00:00","dateModified":"2025-07-30T20:14:39+00:00","breadcrumb":{"@id":"https:\/\/dontquitquitting.ca\/tools-and-supports\/#breadcrumb"},"inLanguage":"fr-FR","potentialAction":[{"@type":"ReadAction","target":["https:\/\/dontquitquitting.ca\/tools-and-supports\/"]}]},{"@type":"BreadcrumbList","@id":"https:\/\/dontquitquitting.ca\/tools-and-supports\/#breadcrumb","itemListElement":[{"@type":"ListItem","position":1,"name":"Home","item":"https:\/\/dontquitquitting.ca\/"},{"@type":"ListItem","position":2,"name":"Outils et soutien"}]},{"@type":"WebSite","@id":"https:\/\/dontquitquitting.ca\/#website","url":"https:\/\/dontquitquitting.ca\/","name":"Don't Quit Quitting","description":"","potentialAction":[{"@type":"SearchAction","target":{"@type":"EntryPoint","urlTemplate":"https:\/\/dontquitquitting.ca\/?s={search_term_string}"},"query-input":{"@type":"PropertyValueSpecification","valueRequired":true,"valueName":"search_term_string"}}],"inLanguage":"fr-FR"}]}},"_links":{"self":[{"href":"https:\/\/dontquitquitting.ca\/fr\/wp-json\/wp\/v2\/pages\/4080","targetHints":{"allow":["GET"]}}],"collection":[{"href":"https:\/\/dontquitquitting.ca\/fr\/wp-json\/wp\/v2\/pages"}],"about":[{"href":"https:\/\/dontquitquitting.ca\/fr\/wp-json\/wp\/v2\/types\/page"}],"author":[{"embeddable":true,"href":"https:\/\/dontquitquitting.ca\/fr\/wp-json\/wp\/v2\/users\/1"}],"replies":[{"embeddable":true,"href":"https:\/\/dontquitquitting.ca\/fr\/wp-json\/wp\/v2\/comments?post=4080"}],"version-history":[{"count":10,"href":"https:\/\/dontquitquitting.ca\/fr\/wp-json\/wp\/v2\/pages\/4080\/revisions"}],"predecessor-version":[{"id":4456,"href":"https:\/\/dontquitquitting.ca\/fr\/wp-json\/wp\/v2\/pages\/4080\/revisions\/4456"}],"wp:attachment":[{"href":"https:\/\/dontquitquitting.ca\/fr\/wp-json\/wp\/v2\/media?parent=4080"}],"curies":[{"name":"wp","href":"https:\/\/api.w.org\/{rel}","templated":true}]}}