{"id":4078,"date":"2023-10-18T14:02:20","date_gmt":"2023-10-18T18:02:20","guid":{"rendered":"https:\/\/dontquitquitting.ca\/learning-opportunities\/"},"modified":"2023-11-26T14:29:24","modified_gmt":"2023-11-26T19:29:24","slug":"possibilites-dapprentissage","status":"publish","type":"page","link":"https:\/\/dontquitquitting.ca\/fr\/possibilites-dapprentissage\/","title":{"rendered":"Possibilit\u00e9s d\u2019apprentissage"},"content":{"rendered":"\t\t<div data-elementor-type=\"wp-page\" data-elementor-id=\"4078\" class=\"elementor elementor-4078\" data-elementor-post-type=\"page\">\n\t\t\t\t\t\t<section class=\"elementor-section elementor-top-section elementor-element elementor-element-2fe14ee9 elementor-section-height-min-height elementor-section-content-top elementor-section-stretched elementor-section-boxed elementor-section-height-default elementor-section-items-middle\" data-id=\"2fe14ee9\" data-element_type=\"section\" data-settings=\"{&quot;background_background&quot;:&quot;classic&quot;,&quot;stretch_section&quot;:&quot;section-stretched&quot;,&quot;shape_divider_bottom&quot;:&quot;mountains&quot;}\">\n\t\t\t\t\t\t\t<div class=\"elementor-background-overlay\"><\/div>\n\t\t\t\t\t\t<div class=\"elementor-shape elementor-shape-bottom\" aria-hidden=\"true\" data-negative=\"false\">\n\t\t\t<svg xmlns=\"http:\/\/www.w3.org\/2000\/svg\" viewBox=\"0 0 1000 100\" preserveAspectRatio=\"none\">\n\t<path class=\"elementor-shape-fill\" opacity=\"0.33\" d=\"M473,67.3c-203.9,88.3-263.1-34-320.3,0C66,119.1,0,59.7,0,59.7V0h1000v59.7 c0,0-62.1,26.1-94.9,29.3c-32.8,3.3-62.8-12.3-75.8-22.1C806,49.6,745.3,8.7,694.9,4.7S492.4,59,473,67.3z\"\/>\n\t<path class=\"elementor-shape-fill\" opacity=\"0.66\" d=\"M734,67.3c-45.5,0-77.2-23.2-129.1-39.1c-28.6-8.7-150.3-10.1-254,39.1 s-91.7-34.4-149.2,0C115.7,118.3,0,39.8,0,39.8V0h1000v36.5c0,0-28.2-18.5-92.1-18.5C810.2,18.1,775.7,67.3,734,67.3z\"\/>\n\t<path class=\"elementor-shape-fill\" d=\"M766.1,28.9c-200-57.5-266,65.5-395.1,19.5C242,1.8,242,5.4,184.8,20.6C128,35.8,132.3,44.9,89.9,52.5C28.6,63.7,0,0,0,0 h1000c0,0-9.9,40.9-83.6,48.1S829.6,47,766.1,28.9z\"\/>\n<\/svg>\t\t<\/div>\n\t\t\t\t\t<div class=\"elementor-container elementor-column-gap-no\">\n\t\t\t\t\t<div class=\"elementor-column elementor-col-50 elementor-top-column elementor-element elementor-element-6ba0a78a\" data-id=\"6ba0a78a\" data-element_type=\"column\">\n\t\t\t<div class=\"elementor-widget-wrap elementor-element-populated\">\n\t\t\t\t\t\t<div class=\"elementor-element elementor-element-83ac50c elementor-headline--style-highlight elementor-widget elementor-widget-animated-headline\" data-id=\"83ac50c\" data-element_type=\"widget\" data-settings=\"{&quot;marker&quot;:&quot;underline&quot;,&quot;highlighted_text&quot;:&quot;d\\u2019apprentissage&quot;,&quot;highlight_animation_duration&quot;:1100,&quot;headline_style&quot;:&quot;highlight&quot;}\" data-widget_type=\"animated-headline.default\">\n\t\t\t\t<div class=\"elementor-widget-container\">\n\t\t\t\t\t\t\t<h1 class=\"elementor-headline\">\n\t\t\t\t\t<span class=\"elementor-headline-plain-text elementor-headline-text-wrapper\">Possibilit\u00e9s<\/span>\n\t\t\t\t<span class=\"elementor-headline-dynamic-wrapper elementor-headline-text-wrapper\">\n\t\t\t\t\t<span class=\"elementor-headline-dynamic-text elementor-headline-text-active\">d\u2019apprentissage<\/span>\n\t\t\t\t<\/span>\n\t\t\t\t<\/h1>\n\t\t\t\t\t\t<\/div>\n\t\t\t\t<\/div>\n\t\t\t\t\t<\/div>\n\t\t<\/div>\n\t\t\t\t<div class=\"elementor-column elementor-col-50 elementor-top-column elementor-element elementor-element-3512daa\" data-id=\"3512daa\" data-element_type=\"column\">\n\t\t\t<div class=\"elementor-widget-wrap\">\n\t\t\t\t\t\t\t<\/div>\n\t\t<\/div>\n\t\t\t\t\t<\/div>\n\t\t<\/section>\n\t\t\t\t<section class=\"elementor-section elementor-top-section elementor-element elementor-element-228d02b elementor-section-content-middle elementor-section-boxed elementor-section-height-default elementor-section-height-default\" data-id=\"228d02b\" data-element_type=\"section\" data-settings=\"{&quot;background_background&quot;:&quot;classic&quot;}\">\n\t\t\t\t\t\t<div class=\"elementor-container elementor-column-gap-default\">\n\t\t\t\t\t<div class=\"elementor-column elementor-col-50 elementor-top-column elementor-element elementor-element-3c65baf\" data-id=\"3c65baf\" data-element_type=\"column\">\n\t\t\t<div class=\"elementor-widget-wrap elementor-element-populated\">\n\t\t\t\t\t\t<div class=\"elementor-element elementor-element-e623d7f elementor-widget elementor-widget-text-editor\" data-id=\"e623d7f\" data-element_type=\"widget\" data-widget_type=\"text-editor.default\">\n\t\t\t\t<div class=\"elementor-widget-container\">\n\t\t\t\t\t\t\t\t\t<h2>CAMH \u2013 Formation au traitement de la d\u00e9pendance au tabac : TEACH<\/h2><p>Formation continue et renforcement des capacit\u00e9s ax\u00e9s sur l&rsquo;aide aux patients ayant une d\u00e9pendance au tabac et l&rsquo;arr\u00eat tabagique et sur l&rsquo;utilisation des cigarettes \u00e9lectroniques.<\/p>\t\t\t\t\t\t\t\t<\/div>\n\t\t\t\t<\/div>\n\t\t\t\t<div class=\"elementor-element elementor-element-65396b7 elementor-align-left elementor-widget elementor-widget-button\" data-id=\"65396b7\" data-element_type=\"widget\" data-widget_type=\"button.default\">\n\t\t\t\t<div class=\"elementor-widget-container\">\n\t\t\t\t\t\t\t\t\t<div class=\"elementor-button-wrapper\">\n\t\t\t\t\t<a class=\"elementor-button elementor-button-link elementor-size-sm\" href=\"https:\/\/www.nicotinedependenceclinic.com\/en\/teach\/certificate-and-trainings\" target=\"_blank\">\n\t\t\t\t\t\t<span class=\"elementor-button-content-wrapper\">\n\t\t\t\t\t\t\t\t\t<span class=\"elementor-button-text\">En savoir plus<\/span>\n\t\t\t\t\t<\/span>\n\t\t\t\t\t<\/a>\n\t\t\t\t<\/div>\n\t\t\t\t\t\t\t\t<\/div>\n\t\t\t\t<\/div>\n\t\t\t\t<div class=\"elementor-element elementor-element-078a9d0 elementor-widget elementor-widget-text-editor\" data-id=\"078a9d0\" data-element_type=\"widget\" data-widget_type=\"text-editor.default\">\n\t\t\t\t<div class=\"elementor-widget-container\">\n\t\t\t\t\t\t\t\t\t<h2>CAMH \u2013 Formation TEACH : YouTube<\/h2><p>Webinaires archiv\u00e9s sur des sujets tels que le changement de comportement et l&rsquo;entretien motivationnel.<\/p>\t\t\t\t\t\t\t\t<\/div>\n\t\t\t\t<\/div>\n\t\t\t\t<div class=\"elementor-element elementor-element-6721540 elementor-align-left elementor-widget elementor-widget-button\" data-id=\"6721540\" data-element_type=\"widget\" data-widget_type=\"button.default\">\n\t\t\t\t<div class=\"elementor-widget-container\">\n\t\t\t\t\t\t\t\t\t<div class=\"elementor-button-wrapper\">\n\t\t\t\t\t<a class=\"elementor-button elementor-button-link elementor-size-sm\" href=\"https:\/\/www.youtube.com\/user\/teachproject\/playlists\" target=\"_blank\">\n\t\t\t\t\t\t<span class=\"elementor-button-content-wrapper\">\n\t\t\t\t\t\t\t\t\t<span class=\"elementor-button-text\">En savoir plus<\/span>\n\t\t\t\t\t<\/span>\n\t\t\t\t\t<\/a>\n\t\t\t\t<\/div>\n\t\t\t\t\t\t\t\t<\/div>\n\t\t\t\t<\/div>\n\t\t\t\t\t<\/div>\n\t\t<\/div>\n\t\t\t\t<div class=\"elementor-column elementor-col-50 elementor-top-column elementor-element elementor-element-95cd110\" data-id=\"95cd110\" data-element_type=\"column\">\n\t\t\t<div class=\"elementor-widget-wrap elementor-element-populated\">\n\t\t\t\t\t\t<div class=\"elementor-element elementor-element-7c742c4 elementor-widget elementor-widget-text-editor\" data-id=\"7c742c4\" data-element_type=\"widget\" data-widget_type=\"text-editor.default\">\n\t\t\t\t<div class=\"elementor-widget-container\">\n\t\t\t\t\t\t\t\t\t<h2>L\u2019Association des infirmi\u00e8res et infirmiers autoris\u00e9s de l\u2019Ontario (RNAO) \u2013 Ligne directrice sur les pratiques cliniques exemplaires<\/h2><p>Fournit des orientations aux infirmiers et aux infirmi\u00e8res, ainsi qu&rsquo;aux autres prestataires de soins de sant\u00e9 pour aider les personnes qui font usage du tabac dans tous les milieux de soins en int\u00e9grant des interventions antitabagiques dans l\u2019exercice quotidien.<\/p>\t\t\t\t\t\t\t\t<\/div>\n\t\t\t\t<\/div>\n\t\t\t\t<div class=\"elementor-element elementor-element-64c9d71 elementor-align-left elementor-widget elementor-widget-button\" data-id=\"64c9d71\" data-element_type=\"widget\" data-widget_type=\"button.default\">\n\t\t\t\t<div class=\"elementor-widget-container\">\n\t\t\t\t\t\t\t\t\t<div class=\"elementor-button-wrapper\">\n\t\t\t\t\t<a class=\"elementor-button elementor-button-link elementor-size-sm\" href=\"https:\/\/rnao.ca\/bpg\/guidelines\/integrating-tobacco-interventions-daily-practice\" target=\"_blank\">\n\t\t\t\t\t\t<span class=\"elementor-button-content-wrapper\">\n\t\t\t\t\t\t\t\t\t<span class=\"elementor-button-text\">En savoir plus<\/span>\n\t\t\t\t\t<\/span>\n\t\t\t\t\t<\/a>\n\t\t\t\t<\/div>\n\t\t\t\t\t\t\t\t<\/div>\n\t\t\t\t<\/div>\n\t\t\t\t<div class=\"elementor-element elementor-element-d57bcb9 elementor-widget elementor-widget-text-editor\" data-id=\"d57bcb9\" data-element_type=\"widget\" data-widget_type=\"text-editor.default\">\n\t\t\t\t<div class=\"elementor-widget-container\">\n\t\t\t\t\t\t\t\t\t<h2>RNAO \u2013 Apprentissage en ligne<\/h2><p>Programmes d&rsquo;orientation, cours d&rsquo;apprentissage en ligne et livres pour favoriser votre apprentissage.<\/p>\t\t\t\t\t\t\t\t<\/div>\n\t\t\t\t<\/div>\n\t\t\t\t<div class=\"elementor-element elementor-element-93d1044 elementor-align-left elementor-widget elementor-widget-button\" data-id=\"93d1044\" data-element_type=\"widget\" data-widget_type=\"button.default\">\n\t\t\t\t<div class=\"elementor-widget-container\">\n\t\t\t\t\t\t\t\t\t<div class=\"elementor-button-wrapper\">\n\t\t\t\t\t<a class=\"elementor-button elementor-button-link elementor-size-sm\" href=\"https:\/\/elearning.rnao.ca\/\" target=\"_blank\">\n\t\t\t\t\t\t<span class=\"elementor-button-content-wrapper\">\n\t\t\t\t\t\t\t\t\t<span class=\"elementor-button-text\">En savoir plus<\/span>\n\t\t\t\t\t<\/span>\n\t\t\t\t\t<\/a>\n\t\t\t\t<\/div>\n\t\t\t\t\t\t\t\t<\/div>\n\t\t\t\t<\/div>\n\t\t\t\t\t<\/div>\n\t\t<\/div>\n\t\t\t\t\t<\/div>\n\t\t<\/section>\n\t\t\t\t<\/div>\n\t\t","protected":false},"excerpt":{"rendered":"<p>Possibilit\u00e9s d\u2019apprentissage CAMH \u2013 Formation au traitement de la d\u00e9pendance au tabac : TEACH Formation continue et renforcement des capacit\u00e9s ax\u00e9s sur l&rsquo;aide aux patients ayant une d\u00e9pendance au tabac et l&rsquo;arr\u00eat tabagique et sur l&rsquo;utilisation des cigarettes \u00e9lectroniques. En savoir plus CAMH \u2013 Formation TEACH : YouTube Webinaires archiv\u00e9s sur des sujets tels que [&hellip;]<\/p>\n","protected":false},"author":1,"featured_media":0,"parent":0,"menu_order":0,"comment_status":"closed","ping_status":"closed","template":"","meta":{"footnotes":""},"class_list":["post-4078","page","type-page","status-publish","hentry"],"yoast_head":"<!-- This site is optimized with the Yoast SEO plugin v26.0 - https:\/\/yoast.com\/wordpress\/plugins\/seo\/ -->\n<title>Possibilit\u00e9s d\u2019apprentissage | Don&#039;t Quit Quitting<\/title>\n<meta name=\"robots\" content=\"index, follow, max-snippet:-1, max-image-preview:large, max-video-preview:-1\" \/>\n<link rel=\"canonical\" href=\"https:\/\/dontquitquitting.ca\/fr\/possibilites-dapprentissage\/\" \/>\n<meta property=\"og:locale\" content=\"fr_FR\" \/>\n<meta property=\"og:type\" content=\"article\" \/>\n<meta property=\"og:title\" content=\"Possibilit\u00e9s d\u2019apprentissage | Don&#039;t Quit Quitting\" \/>\n<meta property=\"og:description\" content=\"Possibilit\u00e9s d\u2019apprentissage CAMH \u2013 Formation au traitement de la d\u00e9pendance au tabac : TEACH Formation continue et renforcement des capacit\u00e9s ax\u00e9s sur l&rsquo;aide aux patients ayant une d\u00e9pendance au tabac et l&rsquo;arr\u00eat tabagique et sur l&rsquo;utilisation des cigarettes \u00e9lectroniques. En savoir plus CAMH \u2013 Formation TEACH : YouTube Webinaires archiv\u00e9s sur des sujets tels que [&hellip;]\" \/>\n<meta property=\"og:url\" content=\"https:\/\/dontquitquitting.ca\/fr\/possibilites-dapprentissage\/\" \/>\n<meta property=\"og:site_name\" content=\"Don&#039;t Quit Quitting\" \/>\n<meta property=\"article:modified_time\" content=\"2023-11-26T19:29:24+00:00\" \/>\n<meta name=\"twitter:card\" content=\"summary_large_image\" \/>\n<meta name=\"twitter:label1\" content=\"Dur\u00e9e de lecture estim\u00e9e\" \/>\n\t<meta name=\"twitter:data1\" content=\"1 minute\" \/>\n<script type=\"application\/ld+json\" class=\"yoast-schema-graph\">{\"@context\":\"https:\/\/schema.org\",\"@graph\":[{\"@type\":\"WebPage\",\"@id\":\"https:\/\/dontquitquitting.ca\/fr\/possibilites-dapprentissage\/\",\"url\":\"https:\/\/dontquitquitting.ca\/fr\/possibilites-dapprentissage\/\",\"name\":\"Possibilit\u00e9s d\u2019apprentissage | Don&#039;t Quit Quitting\",\"isPartOf\":{\"@id\":\"https:\/\/dontquitquitting.ca\/#website\"},\"datePublished\":\"2023-10-18T18:02:20+00:00\",\"dateModified\":\"2023-11-26T19:29:24+00:00\",\"breadcrumb\":{\"@id\":\"https:\/\/dontquitquitting.ca\/fr\/possibilites-dapprentissage\/#breadcrumb\"},\"inLanguage\":\"fr-FR\",\"potentialAction\":[{\"@type\":\"ReadAction\",\"target\":[\"https:\/\/dontquitquitting.ca\/fr\/possibilites-dapprentissage\/\"]}]},{\"@type\":\"BreadcrumbList\",\"@id\":\"https:\/\/dontquitquitting.ca\/fr\/possibilites-dapprentissage\/#breadcrumb\",\"itemListElement\":[{\"@type\":\"ListItem\",\"position\":1,\"name\":\"Home\",\"item\":\"https:\/\/dontquitquitting.ca\/\"},{\"@type\":\"ListItem\",\"position\":2,\"name\":\"Possibilit\u00e9s d\u2019apprentissage\"}]},{\"@type\":\"WebSite\",\"@id\":\"https:\/\/dontquitquitting.ca\/#website\",\"url\":\"https:\/\/dontquitquitting.ca\/\",\"name\":\"Don't Quit Quitting\",\"description\":\"\",\"potentialAction\":[{\"@type\":\"SearchAction\",\"target\":{\"@type\":\"EntryPoint\",\"urlTemplate\":\"https:\/\/dontquitquitting.ca\/?s={search_term_string}\"},\"query-input\":{\"@type\":\"PropertyValueSpecification\",\"valueRequired\":true,\"valueName\":\"search_term_string\"}}],\"inLanguage\":\"fr-FR\"}]}<\/script>\n<!-- \/ Yoast SEO plugin. -->","yoast_head_json":{"title":"Possibilit\u00e9s d\u2019apprentissage | Don&#039;t Quit Quitting","robots":{"index":"index","follow":"follow","max-snippet":"max-snippet:-1","max-image-preview":"max-image-preview:large","max-video-preview":"max-video-preview:-1"},"canonical":"https:\/\/dontquitquitting.ca\/fr\/possibilites-dapprentissage\/","og_locale":"fr_FR","og_type":"article","og_title":"Possibilit\u00e9s d\u2019apprentissage | Don&#039;t Quit Quitting","og_description":"Possibilit\u00e9s d\u2019apprentissage CAMH \u2013 Formation au traitement de la d\u00e9pendance au tabac : TEACH Formation continue et renforcement des capacit\u00e9s ax\u00e9s sur l&rsquo;aide aux patients ayant une d\u00e9pendance au tabac et l&rsquo;arr\u00eat tabagique et sur l&rsquo;utilisation des cigarettes \u00e9lectroniques. En savoir plus CAMH \u2013 Formation TEACH : YouTube Webinaires archiv\u00e9s sur des sujets tels que [&hellip;]","og_url":"https:\/\/dontquitquitting.ca\/fr\/possibilites-dapprentissage\/","og_site_name":"Don&#039;t Quit Quitting","article_modified_time":"2023-11-26T19:29:24+00:00","twitter_card":"summary_large_image","twitter_misc":{"Dur\u00e9e de lecture estim\u00e9e":"1 minute"},"schema":{"@context":"https:\/\/schema.org","@graph":[{"@type":"WebPage","@id":"https:\/\/dontquitquitting.ca\/fr\/possibilites-dapprentissage\/","url":"https:\/\/dontquitquitting.ca\/fr\/possibilites-dapprentissage\/","name":"Possibilit\u00e9s d\u2019apprentissage | Don&#039;t Quit Quitting","isPartOf":{"@id":"https:\/\/dontquitquitting.ca\/#website"},"datePublished":"2023-10-18T18:02:20+00:00","dateModified":"2023-11-26T19:29:24+00:00","breadcrumb":{"@id":"https:\/\/dontquitquitting.ca\/fr\/possibilites-dapprentissage\/#breadcrumb"},"inLanguage":"fr-FR","potentialAction":[{"@type":"ReadAction","target":["https:\/\/dontquitquitting.ca\/fr\/possibilites-dapprentissage\/"]}]},{"@type":"BreadcrumbList","@id":"https:\/\/dontquitquitting.ca\/fr\/possibilites-dapprentissage\/#breadcrumb","itemListElement":[{"@type":"ListItem","position":1,"name":"Home","item":"https:\/\/dontquitquitting.ca\/"},{"@type":"ListItem","position":2,"name":"Possibilit\u00e9s d\u2019apprentissage"}]},{"@type":"WebSite","@id":"https:\/\/dontquitquitting.ca\/#website","url":"https:\/\/dontquitquitting.ca\/","name":"Don't Quit Quitting","description":"","potentialAction":[{"@type":"SearchAction","target":{"@type":"EntryPoint","urlTemplate":"https:\/\/dontquitquitting.ca\/?s={search_term_string}"},"query-input":{"@type":"PropertyValueSpecification","valueRequired":true,"valueName":"search_term_string"}}],"inLanguage":"fr-FR"}]}},"_links":{"self":[{"href":"https:\/\/dontquitquitting.ca\/fr\/wp-json\/wp\/v2\/pages\/4078","targetHints":{"allow":["GET"]}}],"collection":[{"href":"https:\/\/dontquitquitting.ca\/fr\/wp-json\/wp\/v2\/pages"}],"about":[{"href":"https:\/\/dontquitquitting.ca\/fr\/wp-json\/wp\/v2\/types\/page"}],"author":[{"embeddable":true,"href":"https:\/\/dontquitquitting.ca\/fr\/wp-json\/wp\/v2\/users\/1"}],"replies":[{"embeddable":true,"href":"https:\/\/dontquitquitting.ca\/fr\/wp-json\/wp\/v2\/comments?post=4078"}],"version-history":[{"count":5,"href":"https:\/\/dontquitquitting.ca\/fr\/wp-json\/wp\/v2\/pages\/4078\/revisions"}],"predecessor-version":[{"id":4161,"href":"https:\/\/dontquitquitting.ca\/fr\/wp-json\/wp\/v2\/pages\/4078\/revisions\/4161"}],"wp:attachment":[{"href":"https:\/\/dontquitquitting.ca\/fr\/wp-json\/wp\/v2\/media?parent=4078"}],"curies":[{"name":"wp","href":"https:\/\/api.w.org\/{rel}","templated":true}]}}