{"id":4076,"date":"2023-10-18T14:06:28","date_gmt":"2023-10-18T18:06:28","guid":{"rendered":"https:\/\/dontquitquitting.ca\/the-3as\/"},"modified":"2025-06-12T15:31:56","modified_gmt":"2025-06-12T19:31:56","slug":"le-modele-en-trois-etapes","status":"publish","type":"page","link":"https:\/\/dontquitquitting.ca\/fr\/le-modele-en-trois-etapes\/","title":{"rendered":"Le mod\u00e8le en trois \u00e9tapes"},"content":{"rendered":"\t\t<div data-elementor-type=\"wp-page\" data-elementor-id=\"4076\" class=\"elementor elementor-4076\" data-elementor-post-type=\"page\">\n\t\t\t\t\t\t<section class=\"elementor-section elementor-top-section elementor-element elementor-element-2fe14ee9 elementor-section-height-min-height elementor-section-content-top elementor-section-stretched elementor-section-boxed elementor-section-height-default elementor-section-items-middle\" data-id=\"2fe14ee9\" data-element_type=\"section\" data-settings=\"{&quot;background_background&quot;:&quot;classic&quot;,&quot;stretch_section&quot;:&quot;section-stretched&quot;,&quot;shape_divider_bottom&quot;:&quot;mountains&quot;}\">\n\t\t\t\t\t\t\t<div class=\"elementor-background-overlay\"><\/div>\n\t\t\t\t\t\t<div class=\"elementor-shape elementor-shape-bottom\" aria-hidden=\"true\" data-negative=\"false\">\n\t\t\t<svg xmlns=\"http:\/\/www.w3.org\/2000\/svg\" viewBox=\"0 0 1000 100\" preserveAspectRatio=\"none\">\n\t<path class=\"elementor-shape-fill\" opacity=\"0.33\" d=\"M473,67.3c-203.9,88.3-263.1-34-320.3,0C66,119.1,0,59.7,0,59.7V0h1000v59.7 c0,0-62.1,26.1-94.9,29.3c-32.8,3.3-62.8-12.3-75.8-22.1C806,49.6,745.3,8.7,694.9,4.7S492.4,59,473,67.3z\"\/>\n\t<path class=\"elementor-shape-fill\" opacity=\"0.66\" d=\"M734,67.3c-45.5,0-77.2-23.2-129.1-39.1c-28.6-8.7-150.3-10.1-254,39.1 s-91.7-34.4-149.2,0C115.7,118.3,0,39.8,0,39.8V0h1000v36.5c0,0-28.2-18.5-92.1-18.5C810.2,18.1,775.7,67.3,734,67.3z\"\/>\n\t<path class=\"elementor-shape-fill\" d=\"M766.1,28.9c-200-57.5-266,65.5-395.1,19.5C242,1.8,242,5.4,184.8,20.6C128,35.8,132.3,44.9,89.9,52.5C28.6,63.7,0,0,0,0 h1000c0,0-9.9,40.9-83.6,48.1S829.6,47,766.1,28.9z\"\/>\n<\/svg>\t\t<\/div>\n\t\t\t\t\t<div class=\"elementor-container elementor-column-gap-no\">\n\t\t\t\t\t<div class=\"elementor-column elementor-col-50 elementor-top-column elementor-element elementor-element-6ba0a78a\" data-id=\"6ba0a78a\" data-element_type=\"column\">\n\t\t\t<div class=\"elementor-widget-wrap elementor-element-populated\">\n\t\t\t\t\t\t<div class=\"elementor-element elementor-element-83ac50c elementor-headline--style-highlight elementor-widget elementor-widget-animated-headline\" data-id=\"83ac50c\" data-element_type=\"widget\" data-settings=\"{&quot;marker&quot;:&quot;underline&quot;,&quot;highlighted_text&quot;:&quot;en trois \\u00e9tapes&quot;,&quot;highlight_animation_duration&quot;:1100,&quot;headline_style&quot;:&quot;highlight&quot;}\" data-widget_type=\"animated-headline.default\">\n\t\t\t\t<div class=\"elementor-widget-container\">\n\t\t\t\t\t\t\t<h1 class=\"elementor-headline\">\n\t\t\t\t\t<span class=\"elementor-headline-plain-text elementor-headline-text-wrapper\">Le mod\u00e8le <\/span>\n\t\t\t\t<span class=\"elementor-headline-dynamic-wrapper elementor-headline-text-wrapper\">\n\t\t\t\t\t<span class=\"elementor-headline-dynamic-text elementor-headline-text-active\">en trois \u00e9tapes<\/span>\n\t\t\t\t<\/span>\n\t\t\t\t<\/h1>\n\t\t\t\t\t\t<\/div>\n\t\t\t\t<\/div>\n\t\t\t\t\t<\/div>\n\t\t<\/div>\n\t\t\t\t<div class=\"elementor-column elementor-col-50 elementor-top-column elementor-element elementor-element-3512daa\" data-id=\"3512daa\" data-element_type=\"column\">\n\t\t\t<div class=\"elementor-widget-wrap\">\n\t\t\t\t\t\t\t<\/div>\n\t\t<\/div>\n\t\t\t\t\t<\/div>\n\t\t<\/section>\n\t\t\t\t<section class=\"elementor-section elementor-top-section elementor-element elementor-element-386004e elementor-section-boxed elementor-section-height-default elementor-section-height-default\" data-id=\"386004e\" data-element_type=\"section\" data-settings=\"{&quot;background_background&quot;:&quot;classic&quot;}\">\n\t\t\t\t\t\t<div class=\"elementor-container elementor-column-gap-default\">\n\t\t\t\t\t<div class=\"elementor-column elementor-col-100 elementor-top-column elementor-element elementor-element-bb1631e\" data-id=\"bb1631e\" data-element_type=\"column\" data-settings=\"{&quot;background_background&quot;:&quot;classic&quot;}\">\n\t\t\t<div class=\"elementor-widget-wrap elementor-element-populated\">\n\t\t\t\t\t\t<div class=\"elementor-element elementor-element-c23121a elementor-widget__width-initial elementor-widget elementor-widget-heading\" data-id=\"c23121a\" data-element_type=\"widget\" data-widget_type=\"heading.default\">\n\t\t\t\t<div class=\"elementor-widget-container\">\n\t\t\t\t\t<h2 class=\"elementor-heading-title elementor-size-default\">En moins de trois minutes, vous pouvez faire la diff\u00e9rence pour la sant\u00e9 de vos patients. <b>L'int\u00e9gration du mod\u00e8le en trois \u00e9tapes dans votre pratique quotidienne augmente de mani\u00e8re significative les tentatives d'abandon du tabac. Examinez chaque personne, \u00e0 chaque visite, et assurez-vous de poser des questions sur le tabagisme et le vapotage et de consigner l'information recueillie.<\/b><\/h2>\t\t\t\t<\/div>\n\t\t\t\t<\/div>\n\t\t\t\t\t<\/div>\n\t\t<\/div>\n\t\t\t\t\t<\/div>\n\t\t<\/section>\n\t\t\t\t<section class=\"elementor-section elementor-top-section elementor-element elementor-element-77f1d3e elementor-section-content-middle elementor-section-boxed elementor-section-height-default elementor-section-height-default\" data-id=\"77f1d3e\" data-element_type=\"section\" data-settings=\"{&quot;background_background&quot;:&quot;classic&quot;}\">\n\t\t\t\t\t\t<div class=\"elementor-container elementor-column-gap-default\">\n\t\t\t\t\t<div class=\"elementor-column elementor-col-100 elementor-top-column elementor-element elementor-element-23e3e06\" data-id=\"23e3e06\" data-element_type=\"column\">\n\t\t\t<div class=\"elementor-widget-wrap elementor-element-populated\">\n\t\t\t\t\t\t<div class=\"elementor-element elementor-element-1f136f2 elementor-widget elementor-widget-toggle\" data-id=\"1f136f2\" data-element_type=\"widget\" data-widget_type=\"toggle.default\">\n\t\t\t\t<div class=\"elementor-widget-container\">\n\t\t\t\t\t\t\t<div class=\"elementor-toggle\">\n\t\t\t\t\t\t\t<div class=\"elementor-toggle-item\">\n\t\t\t\t\t<div id=\"elementor-tab-title-3251\" class=\"elementor-tab-title\" data-tab=\"1\" role=\"button\" aria-controls=\"elementor-tab-content-3251\" aria-expanded=\"false\">\n\t\t\t\t\t\t\t\t\t\t\t\t<span class=\"elementor-toggle-icon elementor-toggle-icon-right\" aria-hidden=\"true\">\n\t\t\t\t\t\t\t\t\t\t\t\t\t\t\t<span class=\"elementor-toggle-icon-closed\"><i class=\"fas fa-caret-right\"><\/i><\/span>\n\t\t\t\t\t\t\t\t<span class=\"elementor-toggle-icon-opened\"><i class=\"elementor-toggle-icon-opened fas fa-caret-up\"><\/i><\/span>\n\t\t\t\t\t\t\t\t\t\t\t\t\t<\/span>\n\t\t\t\t\t\t\t\t\t\t\t\t<a class=\"elementor-toggle-title\" tabindex=\"0\"><span style=\"color:#9109CF!important\">DEMANDER <\/span> <small>\u00e0 tous les patients de parler de leurs habitudes en mati\u00e8re de tabagisme et de vapotage \u00e0 chacune de leur visite.<\/small><\/a>\n\t\t\t\t\t<\/div>\n\n\t\t\t\t\t<div id=\"elementor-tab-content-3251\" class=\"elementor-tab-content elementor-clearfix\" data-tab=\"1\" role=\"region\" aria-labelledby=\"elementor-tab-title-3251\"><p>Assurez-vous de documenter la situation des patients en ce qui concerne le tabagisme et le vapotage.<\/p><p><span data-teams=\"true\">\u00ab Avez-vous fum\u00e9 ou vapot\u00e9 au cours des six derniers mois? \u00bb<\/span><\/p><\/div>\n\t\t\t\t<\/div>\n\t\t\t\t\t\t\t<div class=\"elementor-toggle-item\">\n\t\t\t\t\t<div id=\"elementor-tab-title-3252\" class=\"elementor-tab-title\" data-tab=\"2\" role=\"button\" aria-controls=\"elementor-tab-content-3252\" aria-expanded=\"false\">\n\t\t\t\t\t\t\t\t\t\t\t\t<span class=\"elementor-toggle-icon elementor-toggle-icon-right\" aria-hidden=\"true\">\n\t\t\t\t\t\t\t\t\t\t\t\t\t\t\t<span class=\"elementor-toggle-icon-closed\"><i class=\"fas fa-caret-right\"><\/i><\/span>\n\t\t\t\t\t\t\t\t<span class=\"elementor-toggle-icon-opened\"><i class=\"elementor-toggle-icon-opened fas fa-caret-up\"><\/i><\/span>\n\t\t\t\t\t\t\t\t\t\t\t\t\t<\/span>\n\t\t\t\t\t\t\t\t\t\t\t\t<a class=\"elementor-toggle-title\" tabindex=\"0\"><span style=\"color:#9109CF!important\">CONSEILLER <\/span> <small>aux patients d\u2019arr\u00eater de fumer ou de vapoter.<\/small><\/a>\n\t\t\t\t\t<\/div>\n\n\t\t\t\t\t<div id=\"elementor-tab-content-3252\" class=\"elementor-tab-content elementor-clearfix\" data-tab=\"2\" role=\"region\" aria-labelledby=\"elementor-tab-title-3252\"><p>Encouragez chaque personne qui fume ou vapote \u00e0 arr\u00eater de la mani\u00e8re qui lui convient le mieux.<\/p><p><em>\u00ab Je sais que vous \u00eates ici aujourd&rsquo;hui parce que vous vous souciez de votre sant\u00e9 (dentaire, cardiaque, etc.]. <\/em><\/p><p><em>Le meilleur conseil que je puisse vous donner est d&rsquo;arr\u00eater de fumer. Si vous le souhaitez, je peux vous aider \u00e0 le faire. \u00bb<\/em><\/p><\/div>\n\t\t\t\t<\/div>\n\t\t\t\t\t\t\t<div class=\"elementor-toggle-item\">\n\t\t\t\t\t<div id=\"elementor-tab-title-3253\" class=\"elementor-tab-title\" data-tab=\"3\" role=\"button\" aria-controls=\"elementor-tab-content-3253\" aria-expanded=\"false\">\n\t\t\t\t\t\t\t\t\t\t\t\t<span class=\"elementor-toggle-icon elementor-toggle-icon-right\" aria-hidden=\"true\">\n\t\t\t\t\t\t\t\t\t\t\t\t\t\t\t<span class=\"elementor-toggle-icon-closed\"><i class=\"fas fa-caret-right\"><\/i><\/span>\n\t\t\t\t\t\t\t\t<span class=\"elementor-toggle-icon-opened\"><i class=\"elementor-toggle-icon-opened fas fa-caret-up\"><\/i><\/span>\n\t\t\t\t\t\t\t\t\t\t\t\t\t<\/span>\n\t\t\t\t\t\t\t\t\t\t\t\t<a class=\"elementor-toggle-title\" tabindex=\"0\"><span style=\"color:#9109CF!important\">AGIR<\/span> <small>en fournissant du soutien et en dirigeant la personne vers d\u2019autres services.<\/small><\/a>\n\t\t\t\t\t<\/div>\n\n\t\t\t\t\t<div id=\"elementor-tab-content-3253\" class=\"elementor-tab-content elementor-clearfix\" data-tab=\"3\" role=\"region\" aria-labelledby=\"elementor-tab-title-3253\"><p>Aidez-les \u00e0 \u00e9laborer un plan d\u2019abandon. Consultez ensemble le site \u00ab Persistez pour r\u00e9ussir \u00bb ou t\u00e9l\u00e9chargez ce livret <a href=\"https:\/\/dontquitquitting.ca\/wp-content\/uploads\/2025\/05\/TCAN-DQQ-Booklet-FRE-WEB-MAY-2025.pdf\" target=\"_blank\" rel=\"noopener\">lien vers le livret<\/a>.\u00a0<\/p><p>Consultez les sections AIDE \u00c0 L&rsquo;ABANDON \u00ab <a href=\"https:\/\/dontquitquitting.ca\/fr\/dans-votre-communaute\/\">Dans votre communaut\u00e9<\/a> \u00bb et\u00ab\u00a0 <a href=\"https:\/\/dontquitquitting.ca\/fr\/partout-en-ontario\/\">Partout en Ontario<\/a> \u00bb pour conna\u00eetre les possibilit\u00e9s offertes.<\/p><p><em>\u00ab Discutons des moyens qui pourraient vous aider \u00e0 r\u00e9ussir. Il faut parfois plus d&rsquo;une tentative, mais il existe de nombreux moyens d&rsquo;augmenter vos chances. \u00bb<\/em><\/p><\/div>\n\t\t\t\t<\/div>\n\t\t\t\t\t\t\t\t<\/div>\n\t\t\t\t\t\t<\/div>\n\t\t\t\t<\/div>\n\t\t\t\t\t<\/div>\n\t\t<\/div>\n\t\t\t\t\t<\/div>\n\t\t<\/section>\n\t\t\t\t<section class=\"elementor-section elementor-top-section elementor-element elementor-element-b0385d4 elementor-section-boxed elementor-section-height-default elementor-section-height-default\" data-id=\"b0385d4\" data-element_type=\"section\">\n\t\t\t\t\t\t<div class=\"elementor-container elementor-column-gap-default\">\n\t\t\t\t\t<div class=\"elementor-column elementor-col-100 elementor-top-column elementor-element elementor-element-b9b7435\" data-id=\"b9b7435\" data-element_type=\"column\">\n\t\t\t<div class=\"elementor-widget-wrap elementor-element-populated\">\n\t\t\t\t\t\t<div class=\"elementor-element elementor-element-fed01be elementor-widget elementor-widget-heading\" data-id=\"fed01be\" data-element_type=\"widget\" data-widget_type=\"heading.default\">\n\t\t\t\t<div class=\"elementor-widget-container\">\n\t\t\t\t\t<h2 class=\"elementor-heading-title elementor-size-default\"><span style=\"color:#9109CF!important\">Formation sur l\u2019intervention br\u00e8ve<\/h1><\/h2>\t\t\t\t<\/div>\n\t\t\t\t<\/div>\n\t\t\t\t<div class=\"elementor-element elementor-element-1db78cb elementor-widget__width-initial elementor-widget elementor-widget-video\" data-id=\"1db78cb\" data-element_type=\"widget\" data-settings=\"{&quot;youtube_url&quot;:&quot;https:\\\/\\\/youtu.be\\\/_mpcVkF_yJY?si=Fc_tRmoHwh_k0Pgq&quot;,&quot;video_type&quot;:&quot;youtube&quot;,&quot;controls&quot;:&quot;yes&quot;}\" data-widget_type=\"video.default\">\n\t\t\t\t<div class=\"elementor-widget-container\">\n\t\t\t\t\t\t\t<div class=\"elementor-wrapper elementor-open-inline\">\n\t\t\t<div class=\"elementor-video\"><\/div>\t\t<\/div>\n\t\t\t\t\t\t<\/div>\n\t\t\t\t<\/div>\n\t\t\t\t\t<\/div>\n\t\t<\/div>\n\t\t\t\t\t<\/div>\n\t\t<\/section>\n\t\t\t\t<\/div>\n\t\t","protected":false},"excerpt":{"rendered":"<p>Le mod\u00e8le en trois \u00e9tapes En moins de trois minutes, vous pouvez faire la diff\u00e9rence pour la sant\u00e9 de vos patients. L&rsquo;int\u00e9gration du mod\u00e8le en trois \u00e9tapes dans votre pratique quotidienne augmente de mani\u00e8re significative les tentatives d&rsquo;abandon du tabac. Examinez chaque personne, \u00e0 chaque visite, et assurez-vous de poser des questions sur le tabagisme [&hellip;]<\/p>\n","protected":false},"author":1,"featured_media":0,"parent":0,"menu_order":0,"comment_status":"closed","ping_status":"closed","template":"","meta":{"footnotes":""},"class_list":["post-4076","page","type-page","status-publish","hentry"],"yoast_head":"<!-- This site is optimized with the Yoast SEO plugin v26.0 - https:\/\/yoast.com\/wordpress\/plugins\/seo\/ -->\n<title>Le mod\u00e8le en trois \u00e9tapes | Don&#039;t Quit Quitting<\/title>\n<meta name=\"robots\" content=\"index, follow, max-snippet:-1, max-image-preview:large, max-video-preview:-1\" \/>\n<link rel=\"canonical\" href=\"https:\/\/dontquitquitting.ca\/the-3as\/\" \/>\n<meta property=\"og:locale\" content=\"fr_FR\" \/>\n<meta property=\"og:type\" content=\"article\" \/>\n<meta property=\"og:title\" content=\"Le mod\u00e8le en trois \u00e9tapes | Don&#039;t Quit Quitting\" \/>\n<meta property=\"og:description\" content=\"Le mod\u00e8le en trois \u00e9tapes En moins de trois minutes, vous pouvez faire la diff\u00e9rence pour la sant\u00e9 de vos patients. L&rsquo;int\u00e9gration du mod\u00e8le en trois \u00e9tapes dans votre pratique quotidienne augmente de mani\u00e8re significative les tentatives d&rsquo;abandon du tabac. Examinez chaque personne, \u00e0 chaque visite, et assurez-vous de poser des questions sur le tabagisme [&hellip;]\" \/>\n<meta property=\"og:url\" content=\"https:\/\/dontquitquitting.ca\/the-3as\/\" \/>\n<meta property=\"og:site_name\" content=\"Don&#039;t Quit Quitting\" \/>\n<meta property=\"article:modified_time\" content=\"2025-06-12T19:31:56+00:00\" \/>\n<meta name=\"twitter:card\" content=\"summary_large_image\" \/>\n<meta name=\"twitter:label1\" content=\"Dur\u00e9e de lecture estim\u00e9e\" \/>\n\t<meta name=\"twitter:data1\" content=\"2 minutes\" \/>\n<script type=\"application\/ld+json\" class=\"yoast-schema-graph\">{\"@context\":\"https:\/\/schema.org\",\"@graph\":[{\"@type\":\"WebPage\",\"@id\":\"https:\/\/dontquitquitting.ca\/the-3as\/\",\"url\":\"https:\/\/dontquitquitting.ca\/the-3as\/\",\"name\":\"Le mod\u00e8le en trois \u00e9tapes | Don&#039;t Quit Quitting\",\"isPartOf\":{\"@id\":\"https:\/\/dontquitquitting.ca\/#website\"},\"datePublished\":\"2023-10-18T18:06:28+00:00\",\"dateModified\":\"2025-06-12T19:31:56+00:00\",\"breadcrumb\":{\"@id\":\"https:\/\/dontquitquitting.ca\/the-3as\/#breadcrumb\"},\"inLanguage\":\"fr-FR\",\"potentialAction\":[{\"@type\":\"ReadAction\",\"target\":[\"https:\/\/dontquitquitting.ca\/the-3as\/\"]}]},{\"@type\":\"BreadcrumbList\",\"@id\":\"https:\/\/dontquitquitting.ca\/the-3as\/#breadcrumb\",\"itemListElement\":[{\"@type\":\"ListItem\",\"position\":1,\"name\":\"Home\",\"item\":\"https:\/\/dontquitquitting.ca\/\"},{\"@type\":\"ListItem\",\"position\":2,\"name\":\"Le mod\u00e8le en trois \u00e9tapes\"}]},{\"@type\":\"WebSite\",\"@id\":\"https:\/\/dontquitquitting.ca\/#website\",\"url\":\"https:\/\/dontquitquitting.ca\/\",\"name\":\"Don't Quit Quitting\",\"description\":\"\",\"potentialAction\":[{\"@type\":\"SearchAction\",\"target\":{\"@type\":\"EntryPoint\",\"urlTemplate\":\"https:\/\/dontquitquitting.ca\/?s={search_term_string}\"},\"query-input\":{\"@type\":\"PropertyValueSpecification\",\"valueRequired\":true,\"valueName\":\"search_term_string\"}}],\"inLanguage\":\"fr-FR\"}]}<\/script>\n<!-- \/ Yoast SEO plugin. -->","yoast_head_json":{"title":"Le mod\u00e8le en trois \u00e9tapes | Don&#039;t Quit Quitting","robots":{"index":"index","follow":"follow","max-snippet":"max-snippet:-1","max-image-preview":"max-image-preview:large","max-video-preview":"max-video-preview:-1"},"canonical":"https:\/\/dontquitquitting.ca\/the-3as\/","og_locale":"fr_FR","og_type":"article","og_title":"Le mod\u00e8le en trois \u00e9tapes | Don&#039;t Quit Quitting","og_description":"Le mod\u00e8le en trois \u00e9tapes En moins de trois minutes, vous pouvez faire la diff\u00e9rence pour la sant\u00e9 de vos patients. L&rsquo;int\u00e9gration du mod\u00e8le en trois \u00e9tapes dans votre pratique quotidienne augmente de mani\u00e8re significative les tentatives d&rsquo;abandon du tabac. Examinez chaque personne, \u00e0 chaque visite, et assurez-vous de poser des questions sur le tabagisme [&hellip;]","og_url":"https:\/\/dontquitquitting.ca\/the-3as\/","og_site_name":"Don&#039;t Quit Quitting","article_modified_time":"2025-06-12T19:31:56+00:00","twitter_card":"summary_large_image","twitter_misc":{"Dur\u00e9e de lecture estim\u00e9e":"2 minutes"},"schema":{"@context":"https:\/\/schema.org","@graph":[{"@type":"WebPage","@id":"https:\/\/dontquitquitting.ca\/the-3as\/","url":"https:\/\/dontquitquitting.ca\/the-3as\/","name":"Le mod\u00e8le en trois \u00e9tapes | Don&#039;t Quit Quitting","isPartOf":{"@id":"https:\/\/dontquitquitting.ca\/#website"},"datePublished":"2023-10-18T18:06:28+00:00","dateModified":"2025-06-12T19:31:56+00:00","breadcrumb":{"@id":"https:\/\/dontquitquitting.ca\/the-3as\/#breadcrumb"},"inLanguage":"fr-FR","potentialAction":[{"@type":"ReadAction","target":["https:\/\/dontquitquitting.ca\/the-3as\/"]}]},{"@type":"BreadcrumbList","@id":"https:\/\/dontquitquitting.ca\/the-3as\/#breadcrumb","itemListElement":[{"@type":"ListItem","position":1,"name":"Home","item":"https:\/\/dontquitquitting.ca\/"},{"@type":"ListItem","position":2,"name":"Le mod\u00e8le en trois \u00e9tapes"}]},{"@type":"WebSite","@id":"https:\/\/dontquitquitting.ca\/#website","url":"https:\/\/dontquitquitting.ca\/","name":"Don't Quit Quitting","description":"","potentialAction":[{"@type":"SearchAction","target":{"@type":"EntryPoint","urlTemplate":"https:\/\/dontquitquitting.ca\/?s={search_term_string}"},"query-input":{"@type":"PropertyValueSpecification","valueRequired":true,"valueName":"search_term_string"}}],"inLanguage":"fr-FR"}]}},"_links":{"self":[{"href":"https:\/\/dontquitquitting.ca\/fr\/wp-json\/wp\/v2\/pages\/4076","targetHints":{"allow":["GET"]}}],"collection":[{"href":"https:\/\/dontquitquitting.ca\/fr\/wp-json\/wp\/v2\/pages"}],"about":[{"href":"https:\/\/dontquitquitting.ca\/fr\/wp-json\/wp\/v2\/types\/page"}],"author":[{"embeddable":true,"href":"https:\/\/dontquitquitting.ca\/fr\/wp-json\/wp\/v2\/users\/1"}],"replies":[{"embeddable":true,"href":"https:\/\/dontquitquitting.ca\/fr\/wp-json\/wp\/v2\/comments?post=4076"}],"version-history":[{"count":10,"href":"https:\/\/dontquitquitting.ca\/fr\/wp-json\/wp\/v2\/pages\/4076\/revisions"}],"predecessor-version":[{"id":4417,"href":"https:\/\/dontquitquitting.ca\/fr\/wp-json\/wp\/v2\/pages\/4076\/revisions\/4417"}],"wp:attachment":[{"href":"https:\/\/dontquitquitting.ca\/fr\/wp-json\/wp\/v2\/media?parent=4076"}],"curies":[{"name":"wp","href":"https:\/\/api.w.org\/{rel}","templated":true}]}}