{"id":4072,"date":"2023-10-19T15:15:20","date_gmt":"2023-10-19T19:15:20","guid":{"rendered":"https:\/\/dontquitquitting.ca\/in-your-community\/"},"modified":"2023-11-26T14:27:56","modified_gmt":"2023-11-26T19:27:56","slug":"dans-votre-communaute","status":"publish","type":"page","link":"https:\/\/dontquitquitting.ca\/fr\/dans-votre-communaute\/","title":{"rendered":"Dans votre communaut\u00e9"},"content":{"rendered":"\t\t<div data-elementor-type=\"wp-page\" data-elementor-id=\"4072\" class=\"elementor elementor-4072\" data-elementor-post-type=\"page\">\n\t\t\t\t\t\t<section class=\"elementor-section elementor-top-section elementor-element elementor-element-2fe14ee9 elementor-section-height-min-height elementor-section-content-top elementor-section-stretched elementor-section-boxed elementor-section-height-default elementor-section-items-middle\" data-id=\"2fe14ee9\" data-element_type=\"section\" data-settings=\"{&quot;background_background&quot;:&quot;classic&quot;,&quot;stretch_section&quot;:&quot;section-stretched&quot;,&quot;shape_divider_bottom&quot;:&quot;mountains&quot;}\">\n\t\t\t\t\t\t\t<div class=\"elementor-background-overlay\"><\/div>\n\t\t\t\t\t\t<div class=\"elementor-shape elementor-shape-bottom\" aria-hidden=\"true\" data-negative=\"false\">\n\t\t\t<svg xmlns=\"http:\/\/www.w3.org\/2000\/svg\" viewBox=\"0 0 1000 100\" preserveAspectRatio=\"none\">\n\t<path class=\"elementor-shape-fill\" opacity=\"0.33\" d=\"M473,67.3c-203.9,88.3-263.1-34-320.3,0C66,119.1,0,59.7,0,59.7V0h1000v59.7 c0,0-62.1,26.1-94.9,29.3c-32.8,3.3-62.8-12.3-75.8-22.1C806,49.6,745.3,8.7,694.9,4.7S492.4,59,473,67.3z\"\/>\n\t<path class=\"elementor-shape-fill\" opacity=\"0.66\" d=\"M734,67.3c-45.5,0-77.2-23.2-129.1-39.1c-28.6-8.7-150.3-10.1-254,39.1 s-91.7-34.4-149.2,0C115.7,118.3,0,39.8,0,39.8V0h1000v36.5c0,0-28.2-18.5-92.1-18.5C810.2,18.1,775.7,67.3,734,67.3z\"\/>\n\t<path class=\"elementor-shape-fill\" d=\"M766.1,28.9c-200-57.5-266,65.5-395.1,19.5C242,1.8,242,5.4,184.8,20.6C128,35.8,132.3,44.9,89.9,52.5C28.6,63.7,0,0,0,0 h1000c0,0-9.9,40.9-83.6,48.1S829.6,47,766.1,28.9z\"\/>\n<\/svg>\t\t<\/div>\n\t\t\t\t\t<div class=\"elementor-container elementor-column-gap-no\">\n\t\t\t\t\t<div class=\"elementor-column elementor-col-50 elementor-top-column elementor-element elementor-element-6ba0a78a\" data-id=\"6ba0a78a\" data-element_type=\"column\">\n\t\t\t<div class=\"elementor-widget-wrap elementor-element-populated\">\n\t\t\t\t\t\t<div class=\"elementor-element elementor-element-83ac50c elementor-widget__width-initial elementor-headline--style-highlight elementor-widget elementor-widget-animated-headline\" data-id=\"83ac50c\" data-element_type=\"widget\" data-settings=\"{&quot;marker&quot;:&quot;underline&quot;,&quot;highlighted_text&quot;:&quot;communaut\\u00e9&quot;,&quot;highlight_animation_duration&quot;:1100,&quot;headline_style&quot;:&quot;highlight&quot;}\" data-widget_type=\"animated-headline.default\">\n\t\t\t\t<div class=\"elementor-widget-container\">\n\t\t\t\t\t\t\t<h1 class=\"elementor-headline\">\n\t\t\t\t\t<span class=\"elementor-headline-plain-text elementor-headline-text-wrapper\">Dans votre<\/span>\n\t\t\t\t<span class=\"elementor-headline-dynamic-wrapper elementor-headline-text-wrapper\">\n\t\t\t\t\t<span class=\"elementor-headline-dynamic-text elementor-headline-text-active\">communaut\u00e9<\/span>\n\t\t\t\t<\/span>\n\t\t\t\t<\/h1>\n\t\t\t\t\t\t<\/div>\n\t\t\t\t<\/div>\n\t\t\t\t\t<\/div>\n\t\t<\/div>\n\t\t\t\t<div class=\"elementor-column elementor-col-50 elementor-top-column elementor-element elementor-element-3512daa\" data-id=\"3512daa\" data-element_type=\"column\">\n\t\t\t<div class=\"elementor-widget-wrap\">\n\t\t\t\t\t\t\t<\/div>\n\t\t<\/div>\n\t\t\t\t\t<\/div>\n\t\t<\/section>\n\t\t\t\t<section class=\"elementor-section elementor-top-section elementor-element elementor-element-386004e elementor-section-boxed elementor-section-height-default elementor-section-height-default\" data-id=\"386004e\" data-element_type=\"section\" data-settings=\"{&quot;background_background&quot;:&quot;classic&quot;}\">\n\t\t\t\t\t\t<div class=\"elementor-container elementor-column-gap-default\">\n\t\t\t\t\t<div class=\"elementor-column elementor-col-100 elementor-top-column elementor-element elementor-element-bb1631e\" data-id=\"bb1631e\" data-element_type=\"column\" data-settings=\"{&quot;background_background&quot;:&quot;classic&quot;}\">\n\t\t\t<div class=\"elementor-widget-wrap elementor-element-populated\">\n\t\t\t\t\t\t<div class=\"elementor-element elementor-element-c23121a elementor-widget__width-initial elementor-widget elementor-widget-heading\" data-id=\"c23121a\" data-element_type=\"widget\" data-widget_type=\"heading.default\">\n\t\t\t\t<div class=\"elementor-widget-container\">\n\t\t\t\t\t<h2 class=\"elementor-heading-title elementor-size-default\">Cliquez sur votre bureau de sant\u00e9 local pour trouver du soutien \u00e0 l\u2019abandon l\u00e0 o\u00f9 vous vivez.<\/h2>\t\t\t\t<\/div>\n\t\t\t\t<\/div>\n\t\t\t\t\t<\/div>\n\t\t<\/div>\n\t\t\t\t\t<\/div>\n\t\t<\/section>\n\t\t\t\t<section class=\"elementor-section elementor-top-section elementor-element elementor-element-77f1d3e elementor-section-content-middle elementor-section-boxed elementor-section-height-default elementor-section-height-default\" data-id=\"77f1d3e\" data-element_type=\"section\" data-settings=\"{&quot;background_background&quot;:&quot;classic&quot;}\">\n\t\t\t\t\t\t<div class=\"elementor-container elementor-column-gap-default\">\n\t\t\t\t\t<div class=\"elementor-column elementor-col-100 elementor-top-column elementor-element elementor-element-5dfdc15\" data-id=\"5dfdc15\" data-element_type=\"column\">\n\t\t\t<div class=\"elementor-widget-wrap elementor-element-populated\">\n\t\t\t\t\t\t<div class=\"elementor-element elementor-element-20b4271 elementor-widget elementor-widget-text-editor\" data-id=\"20b4271\" data-element_type=\"widget\" data-widget_type=\"text-editor.default\">\n\t\t\t\t<div class=\"elementor-widget-container\">\n\t\t\t\t\t\t\t\t\t<p>    <div class=\"wpsf-map-container\" id=\"wpsf-map-container\"  data-options=\"{}\">\n      <div class=\"wpsf-side-panel\">\n        <div class=\"wpsf-location-search\">\n          <form class=\"form form--search\" id=\"wpsf-search-form\" action=\"\" method=\"get\">\n            <div class=\"wpsf-location-search-input\">\n              <label class=\"wpsf-location-search-icon\" for=\"wpsf-search-query-input\"><svg aria-hidden=\"true\" width=\"28\" height=\"28\" viewBox=\"0 0 28 28\" xmlns=\"http:\/\/www.w3.org\/2000\/svg\"><title>Search icon<\/title><path d=\"M2.932 15.361a9.02 9.02 0 1 1 15.044 2.466 1.101 1.101 0 0 0-.749.75 9.02 9.02 0 0 1-14.295-3.215Zm15.424 5.158a11.232 11.232 0 0 1-2.73 1.65C9.916 24.594 3.322 21.934.897 16.226c-2.426-5.709.234-12.303 5.943-14.728 5.708-2.426 12.302.234 14.727 5.943a11.23 11.23 0 0 1-1.65 11.515l7.108 7.107a1.105 1.105 0 1 1-1.563 1.563l-7.107-7.107Z\" fill=\"#FFF\" fill-rule=\"evenodd\"\/><\/svg><\/label>\n              <input type=\"text\" class=\"search-query-input\" name=\"search-query\" id=\"wpsf-search-query-input\" placeholder=\"Search Address\">\n              <button class=\"wpsf-location-search-submit\" type=\"submit\" id=\"search_submit\">Search<\/button>\n              <button class=\"wpsf-current-location-btn\" id=\"wpsf-get-location-btn\">\n                <svg width=\"18\" height=\"18\" viewBox=\"0 0 18 18\" xmlns=\"http:\/\/www.w3.org\/2000\/svg\" aria-hidden=\"true\"><title>Current location icon<\/title><g transform=\"translate(1 1)\" stroke=\"#000\" stroke-width=\"1.067\" fill=\"none\" fill-rule=\"evenodd\" stroke-linecap=\"round\" stroke-linejoin=\"round\"><circle cx=\"8\" cy=\"8\" r=\"5.333\"\/><path d=\"M8 0v2.667M0 8h2.667M8 16v-2.667M16 8h-2.667\"\/><\/g><\/svg>                <span id=\"wpsf-current-loction-label\" class=\"wpsf-current-location-btn__label\">Current Location<\/span>\n              <\/button>\n            <\/div>\n            <input type=\"hidden\" class=\"hidden form-control\" name=\"lat\" hidden>\n            <input type=\"hidden\" class=\"hidden form-control\" name=\"lng\" hidden>\n            <input type=\"hidden\" class=\"hidden form-control\" name=\"address\" hidden>\n          <\/form>\n          <div id=\"wpsf-error\" class=\"wpsf-errors\">\n            <div class=\"wpsf-errors-inner\"><\/div>\n          <\/div>\n        <\/div>\n        <ul class=\"wpsf-store-listings\" id=\"wpsf-stores\"><\/ul>\n        <div id=\"wpsf-stores-msg\" class=\"wpsf-stores-msg\"><\/div>\n      <\/div>\n      <div class=\"wpsf-map\">\n        <div id=\"wpsf-map\" class=\"wpsf-map-gmap\"><\/div>\n      <\/div>\n    <\/div>\n<\/p>\t\t\t\t\t\t\t\t<\/div>\n\t\t\t\t<\/div>\n\t\t\t\t\t<\/div>\n\t\t<\/div>\n\t\t\t\t\t<\/div>\n\t\t<\/section>\n\t\t\t\t<section class=\"elementor-section elementor-top-section elementor-element elementor-element-bbde58c elementor-section-boxed elementor-section-height-default elementor-section-height-default\" data-id=\"bbde58c\" data-element_type=\"section\" data-settings=\"{&quot;background_background&quot;:&quot;classic&quot;}\">\n\t\t\t\t\t\t<div class=\"elementor-container elementor-column-gap-default\">\n\t\t\t\t\t<div class=\"elementor-column elementor-col-100 elementor-top-column elementor-element elementor-element-d01ac85\" data-id=\"d01ac85\" data-element_type=\"column\" data-settings=\"{&quot;background_background&quot;:&quot;classic&quot;}\">\n\t\t\t<div class=\"elementor-widget-wrap\">\n\t\t\t\t\t\t\t<\/div>\n\t\t<\/div>\n\t\t\t\t\t<\/div>\n\t\t<\/section>\n\t\t\t\t<\/div>\n\t\t","protected":false},"excerpt":{"rendered":"<p>Dans votre communaut\u00e9 Cliquez sur votre bureau de sant\u00e9 local pour trouver du soutien \u00e0 l\u2019abandon l\u00e0 o\u00f9 vous vivez.<\/p>\n","protected":false},"author":1,"featured_media":0,"parent":0,"menu_order":0,"comment_status":"closed","ping_status":"closed","template":"","meta":{"footnotes":""},"class_list":["post-4072","page","type-page","status-publish","hentry"],"yoast_head":"<!-- This site is optimized with the Yoast SEO plugin v26.0 - https:\/\/yoast.com\/wordpress\/plugins\/seo\/ -->\n<title>Dans votre communaut\u00e9 | Don&#039;t Quit Quitting<\/title>\n<meta name=\"robots\" content=\"index, follow, max-snippet:-1, max-image-preview:large, max-video-preview:-1\" \/>\n<link rel=\"canonical\" href=\"https:\/\/dontquitquitting.ca\/fr\/dans-votre-communaute\/\" \/>\n<meta property=\"og:locale\" content=\"fr_FR\" \/>\n<meta property=\"og:type\" content=\"article\" \/>\n<meta property=\"og:title\" content=\"Dans votre communaut\u00e9 | Don&#039;t Quit Quitting\" \/>\n<meta property=\"og:description\" content=\"Dans votre communaut\u00e9 Cliquez sur votre bureau de sant\u00e9 local pour trouver du soutien \u00e0 l\u2019abandon l\u00e0 o\u00f9 vous vivez.\" \/>\n<meta property=\"og:url\" content=\"https:\/\/dontquitquitting.ca\/fr\/dans-votre-communaute\/\" \/>\n<meta property=\"og:site_name\" content=\"Don&#039;t Quit Quitting\" \/>\n<meta property=\"article:modified_time\" content=\"2023-11-26T19:27:56+00:00\" \/>\n<meta name=\"twitter:card\" content=\"summary_large_image\" \/>\n<meta name=\"twitter:label1\" content=\"Dur\u00e9e de lecture estim\u00e9e\" \/>\n\t<meta name=\"twitter:data1\" content=\"1 minute\" \/>\n<script type=\"application\/ld+json\" class=\"yoast-schema-graph\">{\"@context\":\"https:\/\/schema.org\",\"@graph\":[{\"@type\":\"WebPage\",\"@id\":\"https:\/\/dontquitquitting.ca\/fr\/dans-votre-communaute\/\",\"url\":\"https:\/\/dontquitquitting.ca\/fr\/dans-votre-communaute\/\",\"name\":\"Dans votre communaut\u00e9 | Don&#039;t Quit Quitting\",\"isPartOf\":{\"@id\":\"https:\/\/dontquitquitting.ca\/#website\"},\"datePublished\":\"2023-10-19T19:15:20+00:00\",\"dateModified\":\"2023-11-26T19:27:56+00:00\",\"breadcrumb\":{\"@id\":\"https:\/\/dontquitquitting.ca\/fr\/dans-votre-communaute\/#breadcrumb\"},\"inLanguage\":\"fr-FR\",\"potentialAction\":[{\"@type\":\"ReadAction\",\"target\":[\"https:\/\/dontquitquitting.ca\/fr\/dans-votre-communaute\/\"]}]},{\"@type\":\"BreadcrumbList\",\"@id\":\"https:\/\/dontquitquitting.ca\/fr\/dans-votre-communaute\/#breadcrumb\",\"itemListElement\":[{\"@type\":\"ListItem\",\"position\":1,\"name\":\"Home\",\"item\":\"https:\/\/dontquitquitting.ca\/\"},{\"@type\":\"ListItem\",\"position\":2,\"name\":\"Dans votre communaut\u00e9\"}]},{\"@type\":\"WebSite\",\"@id\":\"https:\/\/dontquitquitting.ca\/#website\",\"url\":\"https:\/\/dontquitquitting.ca\/\",\"name\":\"Don't Quit Quitting\",\"description\":\"\",\"potentialAction\":[{\"@type\":\"SearchAction\",\"target\":{\"@type\":\"EntryPoint\",\"urlTemplate\":\"https:\/\/dontquitquitting.ca\/?s={search_term_string}\"},\"query-input\":{\"@type\":\"PropertyValueSpecification\",\"valueRequired\":true,\"valueName\":\"search_term_string\"}}],\"inLanguage\":\"fr-FR\"}]}<\/script>\n<!-- \/ Yoast SEO plugin. -->","yoast_head_json":{"title":"Dans votre communaut\u00e9 | Don&#039;t Quit Quitting","robots":{"index":"index","follow":"follow","max-snippet":"max-snippet:-1","max-image-preview":"max-image-preview:large","max-video-preview":"max-video-preview:-1"},"canonical":"https:\/\/dontquitquitting.ca\/fr\/dans-votre-communaute\/","og_locale":"fr_FR","og_type":"article","og_title":"Dans votre communaut\u00e9 | Don&#039;t Quit Quitting","og_description":"Dans votre communaut\u00e9 Cliquez sur votre bureau de sant\u00e9 local pour trouver du soutien \u00e0 l\u2019abandon l\u00e0 o\u00f9 vous vivez.","og_url":"https:\/\/dontquitquitting.ca\/fr\/dans-votre-communaute\/","og_site_name":"Don&#039;t Quit Quitting","article_modified_time":"2023-11-26T19:27:56+00:00","twitter_card":"summary_large_image","twitter_misc":{"Dur\u00e9e de lecture estim\u00e9e":"1 minute"},"schema":{"@context":"https:\/\/schema.org","@graph":[{"@type":"WebPage","@id":"https:\/\/dontquitquitting.ca\/fr\/dans-votre-communaute\/","url":"https:\/\/dontquitquitting.ca\/fr\/dans-votre-communaute\/","name":"Dans votre communaut\u00e9 | Don&#039;t Quit Quitting","isPartOf":{"@id":"https:\/\/dontquitquitting.ca\/#website"},"datePublished":"2023-10-19T19:15:20+00:00","dateModified":"2023-11-26T19:27:56+00:00","breadcrumb":{"@id":"https:\/\/dontquitquitting.ca\/fr\/dans-votre-communaute\/#breadcrumb"},"inLanguage":"fr-FR","potentialAction":[{"@type":"ReadAction","target":["https:\/\/dontquitquitting.ca\/fr\/dans-votre-communaute\/"]}]},{"@type":"BreadcrumbList","@id":"https:\/\/dontquitquitting.ca\/fr\/dans-votre-communaute\/#breadcrumb","itemListElement":[{"@type":"ListItem","position":1,"name":"Home","item":"https:\/\/dontquitquitting.ca\/"},{"@type":"ListItem","position":2,"name":"Dans votre communaut\u00e9"}]},{"@type":"WebSite","@id":"https:\/\/dontquitquitting.ca\/#website","url":"https:\/\/dontquitquitting.ca\/","name":"Don't Quit Quitting","description":"","potentialAction":[{"@type":"SearchAction","target":{"@type":"EntryPoint","urlTemplate":"https:\/\/dontquitquitting.ca\/?s={search_term_string}"},"query-input":{"@type":"PropertyValueSpecification","valueRequired":true,"valueName":"search_term_string"}}],"inLanguage":"fr-FR"}]}},"_links":{"self":[{"href":"https:\/\/dontquitquitting.ca\/fr\/wp-json\/wp\/v2\/pages\/4072","targetHints":{"allow":["GET"]}}],"collection":[{"href":"https:\/\/dontquitquitting.ca\/fr\/wp-json\/wp\/v2\/pages"}],"about":[{"href":"https:\/\/dontquitquitting.ca\/fr\/wp-json\/wp\/v2\/types\/page"}],"author":[{"embeddable":true,"href":"https:\/\/dontquitquitting.ca\/fr\/wp-json\/wp\/v2\/users\/1"}],"replies":[{"embeddable":true,"href":"https:\/\/dontquitquitting.ca\/fr\/wp-json\/wp\/v2\/comments?post=4072"}],"version-history":[{"count":8,"href":"https:\/\/dontquitquitting.ca\/fr\/wp-json\/wp\/v2\/pages\/4072\/revisions"}],"predecessor-version":[{"id":4168,"href":"https:\/\/dontquitquitting.ca\/fr\/wp-json\/wp\/v2\/pages\/4072\/revisions\/4168"}],"wp:attachment":[{"href":"https:\/\/dontquitquitting.ca\/fr\/wp-json\/wp\/v2\/media?parent=4072"}],"curies":[{"name":"wp","href":"https:\/\/api.w.org\/{rel}","templated":true}]}}