{"id":4052,"date":"2023-10-18T13:16:49","date_gmt":"2023-10-18T17:16:49","guid":{"rendered":"https:\/\/dontquitquitting.ca\/about-us\/"},"modified":"2025-06-02T14:39:39","modified_gmt":"2025-06-02T18:39:39","slug":"a-propos-de-nous","status":"publish","type":"page","link":"https:\/\/dontquitquitting.ca\/fr\/a-propos-de-nous\/","title":{"rendered":"\u00c0 propos de nous"},"content":{"rendered":"\t\t<div data-elementor-type=\"wp-page\" data-elementor-id=\"4052\" class=\"elementor elementor-4052\" data-elementor-post-type=\"page\">\n\t\t\t\t\t\t<section class=\"elementor-section elementor-top-section elementor-element elementor-element-2fe14ee9 elementor-section-height-min-height elementor-section-content-top elementor-section-stretched elementor-section-boxed elementor-section-height-default elementor-section-items-middle\" data-id=\"2fe14ee9\" data-element_type=\"section\" data-settings=\"{&quot;background_background&quot;:&quot;classic&quot;,&quot;stretch_section&quot;:&quot;section-stretched&quot;,&quot;shape_divider_bottom&quot;:&quot;mountains&quot;}\">\n\t\t\t\t\t\t\t<div class=\"elementor-background-overlay\"><\/div>\n\t\t\t\t\t\t<div class=\"elementor-shape elementor-shape-bottom\" aria-hidden=\"true\" data-negative=\"false\">\n\t\t\t<svg xmlns=\"http:\/\/www.w3.org\/2000\/svg\" viewBox=\"0 0 1000 100\" preserveAspectRatio=\"none\">\n\t<path class=\"elementor-shape-fill\" opacity=\"0.33\" d=\"M473,67.3c-203.9,88.3-263.1-34-320.3,0C66,119.1,0,59.7,0,59.7V0h1000v59.7 c0,0-62.1,26.1-94.9,29.3c-32.8,3.3-62.8-12.3-75.8-22.1C806,49.6,745.3,8.7,694.9,4.7S492.4,59,473,67.3z\"\/>\n\t<path class=\"elementor-shape-fill\" opacity=\"0.66\" d=\"M734,67.3c-45.5,0-77.2-23.2-129.1-39.1c-28.6-8.7-150.3-10.1-254,39.1 s-91.7-34.4-149.2,0C115.7,118.3,0,39.8,0,39.8V0h1000v36.5c0,0-28.2-18.5-92.1-18.5C810.2,18.1,775.7,67.3,734,67.3z\"\/>\n\t<path class=\"elementor-shape-fill\" d=\"M766.1,28.9c-200-57.5-266,65.5-395.1,19.5C242,1.8,242,5.4,184.8,20.6C128,35.8,132.3,44.9,89.9,52.5C28.6,63.7,0,0,0,0 h1000c0,0-9.9,40.9-83.6,48.1S829.6,47,766.1,28.9z\"\/>\n<\/svg>\t\t<\/div>\n\t\t\t\t\t<div class=\"elementor-container elementor-column-gap-no\">\n\t\t\t\t\t<div class=\"elementor-column elementor-col-50 elementor-top-column elementor-element elementor-element-6ba0a78a\" data-id=\"6ba0a78a\" data-element_type=\"column\">\n\t\t\t<div class=\"elementor-widget-wrap elementor-element-populated\">\n\t\t\t\t\t\t<div class=\"elementor-element elementor-element-83ac50c elementor-headline--style-highlight elementor-widget elementor-widget-animated-headline\" data-id=\"83ac50c\" data-element_type=\"widget\" data-settings=\"{&quot;marker&quot;:&quot;underline&quot;,&quot;highlighted_text&quot;:&quot;\\u00c0 propos &quot;,&quot;highlight_animation_duration&quot;:1100,&quot;headline_style&quot;:&quot;highlight&quot;}\" data-widget_type=\"animated-headline.default\">\n\t\t\t\t<div class=\"elementor-widget-container\">\n\t\t\t\t\t\t\t<h1 class=\"elementor-headline\">\n\t\t\t\t<span class=\"elementor-headline-dynamic-wrapper elementor-headline-text-wrapper\">\n\t\t\t\t\t<span class=\"elementor-headline-dynamic-text elementor-headline-text-active\">\u00c0 propos <\/span>\n\t\t\t\t<\/span>\n\t\t\t\t\t<span class=\"elementor-headline-plain-text elementor-headline-text-wrapper\">de nous<\/span>\n\t\t\t\t\t<\/h1>\n\t\t\t\t\t\t<\/div>\n\t\t\t\t<\/div>\n\t\t\t\t\t<\/div>\n\t\t<\/div>\n\t\t\t\t<div class=\"elementor-column elementor-col-50 elementor-top-column elementor-element elementor-element-3512daa\" data-id=\"3512daa\" data-element_type=\"column\">\n\t\t\t<div class=\"elementor-widget-wrap\">\n\t\t\t\t\t\t\t<\/div>\n\t\t<\/div>\n\t\t\t\t\t<\/div>\n\t\t<\/section>\n\t\t\t\t<section class=\"elementor-section elementor-top-section elementor-element elementor-element-386004e elementor-section-boxed elementor-section-height-default elementor-section-height-default\" data-id=\"386004e\" data-element_type=\"section\" data-settings=\"{&quot;background_background&quot;:&quot;classic&quot;}\">\n\t\t\t\t\t\t<div class=\"elementor-container elementor-column-gap-default\">\n\t\t\t\t\t<div class=\"elementor-column elementor-col-100 elementor-top-column elementor-element elementor-element-bb1631e\" data-id=\"bb1631e\" data-element_type=\"column\" data-settings=\"{&quot;background_background&quot;:&quot;classic&quot;}\">\n\t\t\t<div class=\"elementor-widget-wrap elementor-element-populated\">\n\t\t\t\t\t\t<div class=\"elementor-element elementor-element-c23121a elementor-widget__width-initial elementor-widget elementor-widget-heading\" data-id=\"c23121a\" data-element_type=\"widget\" data-widget_type=\"heading.default\">\n\t\t\t\t<div class=\"elementor-widget-container\">\n\t\t\t\t\t<h2 class=\"elementor-heading-title elementor-size-default\">PPR est une initiative des bureaux de sant\u00e9 de l\u2019Ontario.<\/h2>\t\t\t\t<\/div>\n\t\t\t\t<\/div>\n\t\t\t\t\t<\/div>\n\t\t<\/div>\n\t\t\t\t\t<\/div>\n\t\t<\/section>\n\t\t\t\t<section class=\"elementor-section elementor-top-section elementor-element elementor-element-77f1d3e elementor-section-content-middle elementor-section-boxed elementor-section-height-default elementor-section-height-default\" data-id=\"77f1d3e\" data-element_type=\"section\" data-settings=\"{&quot;background_background&quot;:&quot;classic&quot;}\">\n\t\t\t\t\t\t<div class=\"elementor-container elementor-column-gap-default\">\n\t\t\t\t\t<div class=\"elementor-column elementor-col-50 elementor-top-column elementor-element elementor-element-5dfdc15\" data-id=\"5dfdc15\" data-element_type=\"column\">\n\t\t\t<div class=\"elementor-widget-wrap elementor-element-populated\">\n\t\t\t\t\t\t<div class=\"elementor-element elementor-element-20b4271 elementor-widget elementor-widget-text-editor\" data-id=\"20b4271\" data-element_type=\"widget\" data-widget_type=\"text-editor.default\">\n\t\t\t\t<div class=\"elementor-widget-container\">\n\t\t\t\t\t\t\t\t\t<p>Si vous \u00eates comme beaucoup de gens, vous avez d\u00e9j\u00e0 essay\u00e9 d&rsquo;arr\u00eater de fumer par le pass\u00e9. Que vous ayez arr\u00eat\u00e9 pendant un an ou une journ\u00e9e, chaque tentative vous rapproche un peu plus de l&rsquo;arr\u00eat d\u00e9finitif!<\/p><p>Ce site Web contient des conseils, des astuces et des faits pour vous guider dans votre d\u00e9marche d&rsquo;abandon du tabac. Utilisez la calculatrice de l&rsquo;arr\u00eat tabagique pour voir combien d&rsquo;argent vous pouvez \u00e9conomiser. Il est difficile d&rsquo;arr\u00eater de fumer, mais vous pouvez vous entourer. Plus vous aurez de soutien, plus vous aurez de chances de r\u00e9ussir.<\/p><p>Si vous faites un faux pas, gardez la t\u00eate haute! Apprenez de vos erreurs, trouvez ce qui vous convient le mieux et surtout&#8230;<\/p><h3><strong>Persistez pour r\u00e9ussir!!<\/strong><\/h3>\t\t\t\t\t\t\t\t<\/div>\n\t\t\t\t<\/div>\n\t\t\t\t<div class=\"elementor-element elementor-element-626ebc7 elementor-align-left elementor-widget elementor-widget-button\" data-id=\"626ebc7\" data-element_type=\"widget\" data-widget_type=\"button.default\">\n\t\t\t\t<div class=\"elementor-widget-container\">\n\t\t\t\t\t\t\t\t\t<div class=\"elementor-button-wrapper\">\n\t\t\t\t\t<a class=\"elementor-button elementor-button-link elementor-size-sm\" href=\"https:\/\/dontquitquitting.ca\/wp-content\/uploads\/2025\/05\/TCAN-DQQ-Booklet-FRE-WEB-MAY-2025.pdf\" target=\"_blank\">\n\t\t\t\t\t\t<span class=\"elementor-button-content-wrapper\">\n\t\t\t\t\t\t\t\t\t<span class=\"elementor-button-text\">N'arr\u00eatez pas d'arr\u00eater de fumer Livret d'auto-assistance<\/span>\n\t\t\t\t\t<\/span>\n\t\t\t\t\t<\/a>\n\t\t\t\t<\/div>\n\t\t\t\t\t\t\t\t<\/div>\n\t\t\t\t<\/div>\n\t\t\t\t\t<\/div>\n\t\t<\/div>\n\t\t\t\t<div class=\"elementor-column elementor-col-50 elementor-top-column elementor-element elementor-element-46674ad elementor-hidden-tablet\" data-id=\"46674ad\" data-element_type=\"column\">\n\t\t\t<div class=\"elementor-widget-wrap elementor-element-populated\">\n\t\t\t\t\t\t<div class=\"elementor-element elementor-element-e051736 elementor-widget elementor-widget-image\" data-id=\"e051736\" data-element_type=\"widget\" data-widget_type=\"image.default\">\n\t\t\t\t<div class=\"elementor-widget-container\">\n\t\t\t\t\t\t\t\t\t\t\t\t\t\t\t<img fetchpriority=\"high\" decoding=\"async\" width=\"800\" height=\"534\" src=\"https:\/\/dontquitquitting.ca\/wp-content\/uploads\/2023\/10\/AdobeStock_515523388-1024x683.jpg\" class=\"attachment-large size-large wp-image-3218\" alt=\"Male Industrial worker\" srcset=\"https:\/\/dontquitquitting.ca\/wp-content\/uploads\/2023\/10\/AdobeStock_515523388-1024x683.jpg 1024w, https:\/\/dontquitquitting.ca\/wp-content\/uploads\/2023\/10\/AdobeStock_515523388-300x200.jpg 300w, https:\/\/dontquitquitting.ca\/wp-content\/uploads\/2023\/10\/AdobeStock_515523388-768x512.jpg 768w, https:\/\/dontquitquitting.ca\/wp-content\/uploads\/2023\/10\/AdobeStock_515523388.jpg 1500w\" sizes=\"(max-width: 800px) 100vw, 800px\" \/>\t\t\t\t\t\t\t\t\t\t\t\t\t\t\t<\/div>\n\t\t\t\t<\/div>\n\t\t\t\t\t<\/div>\n\t\t<\/div>\n\t\t\t\t\t<\/div>\n\t\t<\/section>\n\t\t\t\t<section class=\"elementor-section elementor-top-section elementor-element elementor-element-bbde58c elementor-hidden-mobile elementor-section-boxed elementor-section-height-default elementor-section-height-default\" data-id=\"bbde58c\" data-element_type=\"section\" data-settings=\"{&quot;background_background&quot;:&quot;classic&quot;}\">\n\t\t\t\t\t\t<div class=\"elementor-container elementor-column-gap-default\">\n\t\t\t\t\t<div class=\"elementor-column elementor-col-100 elementor-top-column elementor-element elementor-element-d01ac85\" data-id=\"d01ac85\" data-element_type=\"column\" data-settings=\"{&quot;background_background&quot;:&quot;classic&quot;}\">\n\t\t\t<div class=\"elementor-widget-wrap\">\n\t\t\t\t\t\t\t<\/div>\n\t\t<\/div>\n\t\t\t\t\t<\/div>\n\t\t<\/section>\n\t\t\t\t<\/div>\n\t\t","protected":false},"excerpt":{"rendered":"<p>\u00c0 propos de nous PPR est une initiative des bureaux de sant\u00e9 de l\u2019Ontario. Si vous \u00eates comme beaucoup de gens, vous avez d\u00e9j\u00e0 essay\u00e9 d&rsquo;arr\u00eater de fumer par le pass\u00e9. Que vous ayez arr\u00eat\u00e9 pendant un an ou une journ\u00e9e, chaque tentative vous rapproche un peu plus de l&rsquo;arr\u00eat d\u00e9finitif! Ce site Web contient [&hellip;]<\/p>\n","protected":false},"author":1,"featured_media":0,"parent":0,"menu_order":0,"comment_status":"closed","ping_status":"closed","template":"","meta":{"footnotes":""},"class_list":["post-4052","page","type-page","status-publish","hentry"],"yoast_head":"<!-- This site is optimized with the Yoast SEO plugin v26.0 - https:\/\/yoast.com\/wordpress\/plugins\/seo\/ -->\n<title>\u00c0 propos de nous | Don&#039;t Quit Quitting<\/title>\n<meta name=\"robots\" content=\"index, follow, max-snippet:-1, max-image-preview:large, max-video-preview:-1\" \/>\n<link rel=\"canonical\" href=\"https:\/\/dontquitquitting.ca\/about-us\/\" \/>\n<meta property=\"og:locale\" content=\"fr_FR\" \/>\n<meta property=\"og:type\" content=\"article\" \/>\n<meta property=\"og:title\" content=\"\u00c0 propos de nous | Don&#039;t Quit Quitting\" \/>\n<meta property=\"og:description\" content=\"\u00c0 propos de nous PPR est une initiative des bureaux de sant\u00e9 de l\u2019Ontario. Si vous \u00eates comme beaucoup de gens, vous avez d\u00e9j\u00e0 essay\u00e9 d&rsquo;arr\u00eater de fumer par le pass\u00e9. Que vous ayez arr\u00eat\u00e9 pendant un an ou une journ\u00e9e, chaque tentative vous rapproche un peu plus de l&rsquo;arr\u00eat d\u00e9finitif! Ce site Web contient [&hellip;]\" \/>\n<meta property=\"og:url\" content=\"https:\/\/dontquitquitting.ca\/about-us\/\" \/>\n<meta property=\"og:site_name\" content=\"Don&#039;t Quit Quitting\" \/>\n<meta property=\"article:modified_time\" content=\"2025-06-02T18:39:39+00:00\" \/>\n<meta property=\"og:image\" content=\"https:\/\/dontquitquitting.ca\/wp-content\/uploads\/2023\/10\/AdobeStock_515523388.jpg\" \/>\n\t<meta property=\"og:image:width\" content=\"1500\" \/>\n\t<meta property=\"og:image:height\" content=\"1000\" \/>\n\t<meta property=\"og:image:type\" content=\"image\/jpeg\" \/>\n<meta name=\"twitter:card\" content=\"summary_large_image\" \/>\n<meta name=\"twitter:label1\" content=\"Dur\u00e9e de lecture estim\u00e9e\" \/>\n\t<meta name=\"twitter:data1\" content=\"1 minute\" \/>\n<script type=\"application\/ld+json\" class=\"yoast-schema-graph\">{\"@context\":\"https:\/\/schema.org\",\"@graph\":[{\"@type\":\"WebPage\",\"@id\":\"https:\/\/dontquitquitting.ca\/about-us\/\",\"url\":\"https:\/\/dontquitquitting.ca\/about-us\/\",\"name\":\"\u00c0 propos de nous | Don&#039;t Quit Quitting\",\"isPartOf\":{\"@id\":\"https:\/\/dontquitquitting.ca\/#website\"},\"primaryImageOfPage\":{\"@id\":\"https:\/\/dontquitquitting.ca\/about-us\/#primaryimage\"},\"image\":{\"@id\":\"https:\/\/dontquitquitting.ca\/about-us\/#primaryimage\"},\"thumbnailUrl\":\"https:\/\/dontquitquitting.ca\/wp-content\/uploads\/2023\/10\/AdobeStock_515523388-1024x683.jpg\",\"datePublished\":\"2023-10-18T17:16:49+00:00\",\"dateModified\":\"2025-06-02T18:39:39+00:00\",\"breadcrumb\":{\"@id\":\"https:\/\/dontquitquitting.ca\/about-us\/#breadcrumb\"},\"inLanguage\":\"fr-FR\",\"potentialAction\":[{\"@type\":\"ReadAction\",\"target\":[\"https:\/\/dontquitquitting.ca\/about-us\/\"]}]},{\"@type\":\"ImageObject\",\"inLanguage\":\"fr-FR\",\"@id\":\"https:\/\/dontquitquitting.ca\/about-us\/#primaryimage\",\"url\":\"https:\/\/dontquitquitting.ca\/wp-content\/uploads\/2023\/10\/AdobeStock_515523388-1024x683.jpg\",\"contentUrl\":\"https:\/\/dontquitquitting.ca\/wp-content\/uploads\/2023\/10\/AdobeStock_515523388-1024x683.jpg\"},{\"@type\":\"BreadcrumbList\",\"@id\":\"https:\/\/dontquitquitting.ca\/about-us\/#breadcrumb\",\"itemListElement\":[{\"@type\":\"ListItem\",\"position\":1,\"name\":\"Home\",\"item\":\"https:\/\/dontquitquitting.ca\/\"},{\"@type\":\"ListItem\",\"position\":2,\"name\":\"\u00c0 propos de nous\"}]},{\"@type\":\"WebSite\",\"@id\":\"https:\/\/dontquitquitting.ca\/#website\",\"url\":\"https:\/\/dontquitquitting.ca\/\",\"name\":\"Don't Quit Quitting\",\"description\":\"\",\"potentialAction\":[{\"@type\":\"SearchAction\",\"target\":{\"@type\":\"EntryPoint\",\"urlTemplate\":\"https:\/\/dontquitquitting.ca\/?s={search_term_string}\"},\"query-input\":{\"@type\":\"PropertyValueSpecification\",\"valueRequired\":true,\"valueName\":\"search_term_string\"}}],\"inLanguage\":\"fr-FR\"}]}<\/script>\n<!-- \/ Yoast SEO plugin. -->","yoast_head_json":{"title":"\u00c0 propos de nous | Don&#039;t Quit Quitting","robots":{"index":"index","follow":"follow","max-snippet":"max-snippet:-1","max-image-preview":"max-image-preview:large","max-video-preview":"max-video-preview:-1"},"canonical":"https:\/\/dontquitquitting.ca\/about-us\/","og_locale":"fr_FR","og_type":"article","og_title":"\u00c0 propos de nous | Don&#039;t Quit Quitting","og_description":"\u00c0 propos de nous PPR est une initiative des bureaux de sant\u00e9 de l\u2019Ontario. Si vous \u00eates comme beaucoup de gens, vous avez d\u00e9j\u00e0 essay\u00e9 d&rsquo;arr\u00eater de fumer par le pass\u00e9. Que vous ayez arr\u00eat\u00e9 pendant un an ou une journ\u00e9e, chaque tentative vous rapproche un peu plus de l&rsquo;arr\u00eat d\u00e9finitif! Ce site Web contient [&hellip;]","og_url":"https:\/\/dontquitquitting.ca\/about-us\/","og_site_name":"Don&#039;t Quit Quitting","article_modified_time":"2025-06-02T18:39:39+00:00","og_image":[{"width":1500,"height":1000,"url":"https:\/\/dontquitquitting.ca\/wp-content\/uploads\/2023\/10\/AdobeStock_515523388.jpg","type":"image\/jpeg"}],"twitter_card":"summary_large_image","twitter_misc":{"Dur\u00e9e de lecture estim\u00e9e":"1 minute"},"schema":{"@context":"https:\/\/schema.org","@graph":[{"@type":"WebPage","@id":"https:\/\/dontquitquitting.ca\/about-us\/","url":"https:\/\/dontquitquitting.ca\/about-us\/","name":"\u00c0 propos de nous | Don&#039;t Quit Quitting","isPartOf":{"@id":"https:\/\/dontquitquitting.ca\/#website"},"primaryImageOfPage":{"@id":"https:\/\/dontquitquitting.ca\/about-us\/#primaryimage"},"image":{"@id":"https:\/\/dontquitquitting.ca\/about-us\/#primaryimage"},"thumbnailUrl":"https:\/\/dontquitquitting.ca\/wp-content\/uploads\/2023\/10\/AdobeStock_515523388-1024x683.jpg","datePublished":"2023-10-18T17:16:49+00:00","dateModified":"2025-06-02T18:39:39+00:00","breadcrumb":{"@id":"https:\/\/dontquitquitting.ca\/about-us\/#breadcrumb"},"inLanguage":"fr-FR","potentialAction":[{"@type":"ReadAction","target":["https:\/\/dontquitquitting.ca\/about-us\/"]}]},{"@type":"ImageObject","inLanguage":"fr-FR","@id":"https:\/\/dontquitquitting.ca\/about-us\/#primaryimage","url":"https:\/\/dontquitquitting.ca\/wp-content\/uploads\/2023\/10\/AdobeStock_515523388-1024x683.jpg","contentUrl":"https:\/\/dontquitquitting.ca\/wp-content\/uploads\/2023\/10\/AdobeStock_515523388-1024x683.jpg"},{"@type":"BreadcrumbList","@id":"https:\/\/dontquitquitting.ca\/about-us\/#breadcrumb","itemListElement":[{"@type":"ListItem","position":1,"name":"Home","item":"https:\/\/dontquitquitting.ca\/"},{"@type":"ListItem","position":2,"name":"\u00c0 propos de nous"}]},{"@type":"WebSite","@id":"https:\/\/dontquitquitting.ca\/#website","url":"https:\/\/dontquitquitting.ca\/","name":"Don't Quit Quitting","description":"","potentialAction":[{"@type":"SearchAction","target":{"@type":"EntryPoint","urlTemplate":"https:\/\/dontquitquitting.ca\/?s={search_term_string}"},"query-input":{"@type":"PropertyValueSpecification","valueRequired":true,"valueName":"search_term_string"}}],"inLanguage":"fr-FR"}]}},"_links":{"self":[{"href":"https:\/\/dontquitquitting.ca\/fr\/wp-json\/wp\/v2\/pages\/4052","targetHints":{"allow":["GET"]}}],"collection":[{"href":"https:\/\/dontquitquitting.ca\/fr\/wp-json\/wp\/v2\/pages"}],"about":[{"href":"https:\/\/dontquitquitting.ca\/fr\/wp-json\/wp\/v2\/types\/page"}],"author":[{"embeddable":true,"href":"https:\/\/dontquitquitting.ca\/fr\/wp-json\/wp\/v2\/users\/1"}],"replies":[{"embeddable":true,"href":"https:\/\/dontquitquitting.ca\/fr\/wp-json\/wp\/v2\/comments?post=4052"}],"version-history":[{"count":10,"href":"https:\/\/dontquitquitting.ca\/fr\/wp-json\/wp\/v2\/pages\/4052\/revisions"}],"predecessor-version":[{"id":4399,"href":"https:\/\/dontquitquitting.ca\/fr\/wp-json\/wp\/v2\/pages\/4052\/revisions\/4399"}],"wp:attachment":[{"href":"https:\/\/dontquitquitting.ca\/fr\/wp-json\/wp\/v2\/media?parent=4052"}],"curies":[{"name":"wp","href":"https:\/\/api.w.org\/{rel}","templated":true}]}}